{"id":1165,"date":"2025-11-30T19:31:21","date_gmt":"2025-11-30T18:31:21","guid":{"rendered":"https:\/\/svazfilatelistu.cz\/?page_id=1165"},"modified":"2025-11-30T19:31:21","modified_gmt":"2025-11-30T18:31:21","slug":"jednolistove-exponaty-2","status":"publish","type":"page","link":"https:\/\/svazfilatelistu.cz\/?page_id=1165","title":{"rendered":"Jednolistov\u00e9 expon\u00e1ty"},"content":{"rendered":"\n<h3 class=\"wp-block-heading\">Novinka ve filatelii: Jednostr\u00e1nkov\u00e9 expon\u00e1ty<\/h3>\n\n\n\n<p><em><strong>Petr Fencl<\/strong><\/em><\/p>\n\n\n\n<p><em>Jak zn\u00e1mo, filatelie je kon\u00ed\u010dek, ve kter\u00e9m sb\u011bratel\u00e9 (p\u0159esn\u011bji vystavovatel\u00e9) mohou sout\u011b\u017eit o body i o p\u0159\u00edslu\u0161n\u00e9 medaile. Znamen\u00e1 to, ov\u0161em pod\u0159\u00eddit se n\u00e1ro\u010dn\u00fdm hodnot\u00edc\u00edm krit\u00e9ri\u00edm pro jednotliv\u00e9 v\u00fdstavn\u00ed t\u0159\u00eddy. Poj\u010fme si p\u0159edstavit novinku na poli v\u00fdstavn\u00edm, a tou je mo\u017enost tvorby jednolistov\u00fdch expon\u00e1t\u016f.<\/em><\/p>\n\n\n\n<p>Tato novinka je dal\u0161\u00edm d\u016fkazem, \u017ee filatelie je sb\u011bratelsk\u00fd obor, kter\u00fd se neust\u00e1le vyv\u00edj\u00ed. C\u00edlem je p\u0159it\u00e1hnout k&nbsp;vystavov\u00e1n\u00ed dal\u0161\u00ed sb\u011bratele v\u0161ech v\u011bkov\u00fdch kategori\u00ed, kte\u0159\u00ed dosud v\u00e1haj\u00ed nad mo\u017enost\u00ed sestaven\u00ed sv\u00e9ho expon\u00e1tu. Mnoho sb\u011bratel\u016f v&nbsp;minulosti odrazovala nutnost sestavit pouze p\u011btir\u00e1mov\u00fd expon\u00e1t. 80 list\u016f form\u00e1tu A4 nen\u00ed v\u016fbec m\u00e1lo, pro n\u011bkter\u00e9 sb\u011bratelsk\u00e9 \u00faseky to byl a je i jist\u00fd probl\u00e9m. Tato hranice v\u0161ak padla se zaveden\u00edm jednor\u00e1mov\u00fdch expon\u00e1t\u016f. A v dob\u011b&nbsp;ned\u00e1vn\u00e9 byla zavedena tak\u00e9 mo\u017enost roz\u0161\u00ed\u0159en\u00ed po\u010dtu r\u00e1m\u016f na dva \u010di t\u0159i. To vedlo (a m\u011blo by d\u00e1le v\u00e9st) k&nbsp;roz\u0161\u00ed\u0159en\u00ed z\u00e1jmu o sestaven\u00ed v\u00fdstavn\u00edch expon\u00e1t\u016f.<\/p>\n\n\n\n<p>Posledn\u00ed novinkou je jednostr\u00e1nkov\u00fd expon\u00e1t, tedy expon\u00e1t vytvo\u0159en\u00fd na jedn\u00e9 stran\u011b listu form\u00e1tu maxim\u00e1ln\u011b A3, co\u017e p\u0159edstavuje rozm\u011br 420 x 297 mm nebo men\u0161\u00ed, nap\u0159. A4.<\/p>\n\n\n\n<p>Pro n\u011bkoho mo\u017en\u00e1 t\u011b\u017eko p\u0159edstaviteln\u00e1 novinka \u017eije ji\u017e v\u00edce ne\u017e t\u0159i roky a v&nbsp;zahrani\u010d\u00ed zaznamen\u00e1v\u00e1 zaj\u00edmav\u00e9 v\u00fdsledky. P\u0159ipome\u0148me si, \u017ee v&nbsp;ned\u00e1vn\u00e9 dob\u011b mnoz\u00ed d\u00e1vali jednor\u00e1mov\u00fdm expon\u00e1t\u016fm tak\u00e9 pouze jepi\u010d\u00ed \u017eivot. A nyn\u00ed je to ji\u017e zaveden\u00e1 t\u0159\u00edda.<\/p>\n\n\n\n<p>Tento koncept vznikl v&nbsp;souvislosti s&nbsp;pandemii COVID, kdy nebylo mo\u017en\u00e9 se osobn\u011b sch\u00e1zet. Dal\u0161\u00edm d\u016fvodem je spojen\u00ed filatelist\u016f prost\u0159ednictv\u00edm z\u00e1bavn\u00e9 sout\u011b\u017ee (nap\u0159\u00edklad virtu\u00e1ln\u00ed v\u00fdstavy). A d\u00e1le tak\u00e9 povzbuzen\u00ed \u010dlen\u016f, kte\u0159\u00ed dosud nevystavovali. P\u0159\u00ednosem jednolistov\u00fdch expon\u00e1t\u016f by mohl b\u00fdt zv\u011bt\u0161uj\u00edc\u00ed se po\u010det nov\u00fdch vystavovatel\u016f. V\u017edy\u0165 p\u0159eci vytvo\u0159it jednu stranu s&nbsp;vyu\u017eit\u00edm zaj\u00edmav\u00e9ho materi\u00e1lu by nem\u011bl b\u00fdt probl\u00e9m. A mo\u017en\u00e1, \u017ee po prvn\u00edm vystaven\u00ed autor zjist\u00ed, \u017ee by mohl p\u0159ipravit i dal\u0161\u00ed a dal\u0161\u00ed str\u00e1nky\u2026<\/p>\n\n\n\n<p>Nov\u011b vznikaj\u00edc\u00ed novinka m\u00e1 nyn\u00ed v\u00edce koncept\u016f, kter\u00e9 si hledaj\u00ed svoji cestu ve sv\u011bt\u011b organizovan\u00e9 filatelie. Tak\u00e9 na p\u016fd\u011b S\u010cF bude t\u0159eba zaujmout k&nbsp;t\u00e9to novince stanovisko, vzhledem k&nbsp;hodnocen\u00ed expon\u00e1t\u016f. Z\u0159ejm\u011b dojde i k&nbsp;up\u0159esn\u011bn\u00ed n\u00e1zvu: jednostr\u00e1nkov\u00fd nebo jednostrann\u00fd \u010di jednolistov\u00fd expon\u00e1t? Angli\u010dtina u\u017e\u00edv\u00e1 n\u00e1zvy one-page exhibit a tak\u00e9 single-page exhibit.<\/p>\n\n\n\n<p>Mo\u017en\u00e1 prvn\u00ed koncept t\u011bchto expon\u00e1t\u016f p\u0159edstavila Americk\u00e1 tematick\u00e1 spole\u010dnost ATA ji\u017e v&nbsp;roce 2020, kdy zve\u0159ejnila pravidla pro tvorbu a vyhl\u00e1sila prvn\u00ed nesout\u011b\u017en\u00ed virtu\u00e1ln\u00ed v\u00fdstavu ur\u010denou pro tyto expon\u00e1ty. Po\u017eadavkem na obsah listu byl alespo\u0148 jeden filatelistick\u00fd materi\u00e1l. V&nbsp;textov\u00e9 \u010d\u00e1sti byly povinn\u00e9 \u00fadaje: n\u00e1zev expon\u00e1tu, jm\u00e9no vystavovatele a kr\u00e1tk\u00fd popis objas\u0148uj\u00edc\u00ed obsah listu. Nepovinn\u00fdm \u00fadajem byla elektronick\u00e1 adresa vystavovatele, odkaz na webovou str\u00e1nku a v&nbsp;p\u0159\u00edpad\u011b pou\u017eit\u00ed zmen\u0161eniny obr\u00e1zku \u00fadaj o procentu zv\u011bt\u0161en\u00ed. V&nbsp;tomto konceptu se nepo\u010d\u00edtalo s&nbsp;pou\u017eit\u00edm skute\u010dn\u00fdch filatelistick\u00fdch materi\u00e1l\u016f, dovoleno bylo pou\u017eit\u00ed skenovan\u00fdch obr\u00e1zk\u016f. Koncept Britsk\u00e9 tematick\u00e9 asociace ji\u017e kladl d\u016fraz na pou\u017e\u00edv\u00e1n\u00ed skute\u010dn\u00fdch filatelistick\u00fdch materi\u00e1l\u016f (ve vlastnictv\u00ed autora listu, tedy ne pouze sken\u016f). Sou\u010dasn\u011b byl p\u0159edstaven model hodnocen\u00ed, podobn\u00fd jako po\u010d\u00e1te\u010dn\u00ed hodnocen\u00ed jednor\u00e1mov\u00fdch expon\u00e1t\u016f a to formou \u201ekamenn\u00e9\u201c stupnice:<\/p>\n\n\n\n<p>\u010cty\u0159i kategorie ocen\u011bn\u00ed podle BTA:<\/p>\n\n\n\n<p>\u2022 Diamant \u2013 jsou p\u0159\u00edtomny v\u0161echny prvky uveden\u00e9 v pravidlech<br>\u2022 Rub\u00edn \u2013 v\u0161echny nebo v\u011bt\u0161ina po\u017eadovan\u00fdch prvk\u016f<br>\u2022 Smaragd \u2013 jsou p\u0159\u00edtomny n\u011bkter\u00e9 z po\u017eadovan\u00fdch prvk\u016f<br>\u2022 Op\u00e1l \u2013 je p\u0159\u00edtomno m\u00e1lo nebo \u017e\u00e1dn\u00fd z po\u017eadovan\u00fdch prvk\u016f<\/p>\n\n\n\n<p>Hodnot\u00edc\u00ed krit\u00e9ria (podle BTA) a maxim\u00e1ln\u00ed po\u010det bod\u016f (celkem 100):<\/p>\n\n\n\n<p>\u2022 P\u0159\u00edb\u011bh 40<br>\u2022 Prezentace 15<br>\u2022 Netematick\u00e9 informace 15<br>\u2022 Kvalita materi\u00e1lu 10<br>\u2022 R\u016fznorodost materi\u00e1lu 10<br>\u2022 N\u00e1zev a \u00favod 10<\/p>\n\n\n\n<p>Zaj\u00edmavou novinkou je projekt belgick\u00fd, kter\u00fd spo\u010d\u00edv\u00e1 ve v\u00fdzv\u011b ke tvorb\u011b jednolistov\u00fdch expon\u00e1t\u016f k&nbsp;libovoln\u00e9 jedn\u00e9 zn\u00e1mce ro\u010dn\u00edku. Jde o rozpracov\u00e1n\u00ed p\u0159\u00edb\u011bhu k&nbsp;vych\u00e1zej\u00edc\u00edm novink\u00e1m.<\/p>\n\n\n\n<p>Tato novinka \u2013 jednostr\u00e1nkov\u00fd expon\u00e1t &#8211; &nbsp;je vytvo\u0159ena zejm\u00e9na pro t\u0159\u00eddu tematickou, a d\u00e1le pro t\u0159\u00eddy otev\u0159en\u00e9 filatelie, pohlednic a ml\u00e1de\u017ee. Ale nic nebr\u00e1n\u00ed tomu, vytvo\u0159it expon\u00e1t i ve zb\u00fdvaj\u00edc\u00edch t\u0159\u00edd\u00e1ch. V\u011b\u0159\u00edm, \u017ee si tato novinka najde p\u0159\u00edznivce tak\u00e9 u n\u00e1s. Tedy: nebojte se vystavov\u00e1n\u00ed, jednostr\u00e1nkov\u00fd expon\u00e1t zvl\u00e1dne opravdu ka\u017ed\u00fd!<\/p>\n\n\n\n<p>A na z\u00e1v\u011br n\u011bkolik p\u0159\u00edklad\u016f. S\u00e1m jsem nechal inspirovat v\u00fdzvou k&nbsp;vytvo\u0159en\u00ed jednolistov\u00e9ho expon\u00e1tu k&nbsp;vydan\u00e9 novince. Vytvo\u0159il jsem list form\u00e1tu A3 u p\u0159\u00edle\u017eitosti loni vydan\u00e9 zn\u00e1mky ze s\u00e9rie um\u011bn\u00ed \u2013 obraz od Vladim\u00edra Tesa\u0159e. Dal\u0161\u00ed expon\u00e1ty jako inspiraci najdete na str\u00e1nk\u00e1ch ATA a BTA. Na t\u011bchto str\u00e1nk\u00e1ch je mo\u017en\u00e9 tak\u00e9 p\u0159ihl\u00e1sit se na v\u00fdstavy v&nbsp;t\u00e9to kategorii.<\/p>\n\n\n\n<p>Uk\u00e1zky jednolistov\u00fdch expon\u00e1t\u016f:<\/p>\n\n\n\n<div data-wp-interactive=\"core\/file\" class=\"wp-block-file\"><object data-wp-bind--hidden=\"!state.hasPdfPreview\" hidden class=\"wp-block-file__embed\" data=\"https:\/\/svazfilatelistu.cz\/wp-content\/uploads\/2025\/11\/Tesar_Vladimir.pdf\" type=\"application\/pdf\" style=\"width:100%;height:600px\" aria-label=\"Vlo\u017eit z Vladim\u00edr Tesa\u0159.\"><\/object><a id=\"wp-block-file--media-2323f554-f95a-40f6-824d-c8872ff2635f\" href=\"https:\/\/svazfilatelistu.cz\/wp-content\/uploads\/2025\/11\/Tesar_Vladimir.pdf\" target=\"_blank\" rel=\"noreferrer noopener\">Vladim\u00edr Tesa\u0159<\/a><\/div>\n\n\n\n<div class=\"wp-block-file\"><a id=\"wp-block-file--media-99a07edb-7665-443e-a7a6-65e2de8762ff\" href=\"https:\/\/svazfilatelistu.cz\/wp-content\/uploads\/2025\/11\/Born-out-of-love_ATA.pdf\" target=\"_blank\" rel=\"noreferrer noopener\">Born out of love (ATA)<\/a><\/div>\n\n\n\n<div class=\"wp-block-file\"><a id=\"wp-block-file--media-100388de-6dd2-41c1-83b9-234ca299f8f6\" href=\"https:\/\/svazfilatelistu.cz\/wp-content\/uploads\/2025\/11\/Canned-preservation_ATA.pdf\" target=\"_blank\" rel=\"noreferrer noopener\">Canned preservation (ATA)<\/a><\/div>\n\n\n\n<div class=\"wp-block-file\"><a id=\"wp-block-file--media-d1a79020-faa0-4a87-9433-c081c2e5a8b5\" href=\"https:\/\/svazfilatelistu.cz\/wp-content\/uploads\/2025\/11\/Lady_Brass_asu_ATA.pdf\" target=\"_blank\" rel=\"noreferrer noopener\">The Lady of Brassempouy (ATA)<\/a><\/div>\n\n\n\n<div class=\"wp-block-file\"><a id=\"wp-block-file--media-600c51bf-7de0-491b-9829-68ed86e862db\" href=\"https:\/\/svazfilatelistu.cz\/wp-content\/uploads\/2025\/11\/MACHU-PICCHU-ATA.pdf\" target=\"_blank\" rel=\"noreferrer noopener\">Machu Picchu (ATA)<\/a><\/div>\n\n\n\n<div class=\"wp-block-file\"><a id=\"wp-block-file--media-dac3c995-824f-422f-9e0a-7f69b796f2b8\" href=\"https:\/\/svazfilatelistu.cz\/wp-content\/uploads\/2025\/11\/Music-instr.-with-ivory-keybord_ATA.pdf\" target=\"_blank\" rel=\"noreferrer noopener\">Music instruments with ivory keys (ATA)<\/a><\/div>\n\n\n\n<div class=\"wp-block-file\"><a id=\"wp-block-file--media-fdae41b8-5e80-4f48-877b-74ee0b3ba3ad\" href=\"https:\/\/svazfilatelistu.cz\/wp-content\/uploads\/2025\/11\/Tequila-one-page-exhibit-ATA.pdf\" target=\"_blank\" rel=\"noreferrer noopener\">Tequila! (ATA)<\/a><\/div>\n","protected":false},"excerpt":{"rendered":"<p>Novinka ve filatelii: Jednostr\u00e1nkov\u00e9 expon\u00e1ty Petr Fencl Jak zn\u00e1mo, filatelie je kon\u00ed\u010dek, ve kter\u00e9m sb\u011bratel\u00e9 (p\u0159esn\u011bji vystavovatel\u00e9) mohou sout\u011b\u017eit o body i o p\u0159\u00edslu\u0161n\u00e9 medaile. Znamen\u00e1 to, ov\u0161em pod\u0159\u00eddit se n\u00e1ro\u010dn\u00fdm hodnot\u00edc\u00edm krit\u00e9ri\u00edm pro jednotliv\u00e9 v\u00fdstavn\u00ed t\u0159\u00eddy. Poj\u010fme si p\u0159edstavit novinku na poli v\u00fdstavn\u00edm, a tou je mo\u017enost tvorby jednolistov\u00fdch expon\u00e1t\u016f. Tato novinka je dal\u0161\u00edm d\u016fkazem, \u017ee filatelie je sb\u011bratelsk\u00fd obor, kter\u00fd se neust\u00e1le vyv\u00edj\u00ed. C\u00edlem je p\u0159it\u00e1hnout k&nbsp;vystavov\u00e1n\u00ed dal\u0161\u00ed sb\u011bratele v\u0161ech v\u011bkov\u00fdch kategori\u00ed, kte\u0159\u00ed dosud v\u00e1haj\u00ed nad mo\u017enost\u00ed sestaven\u00ed sv\u00e9ho expon\u00e1tu. Mnoho sb\u011bratel\u016f v&nbsp;minulosti odrazovala nutnost sestavit pouze p\u011btir\u00e1mov\u00fd expon\u00e1t. 80 list\u016f form\u00e1tu A4 nen\u00ed v\u016fbec m\u00e1lo, pro n\u011bkter\u00e9 sb\u011bratelsk\u00e9 \u00faseky to byl a je i jist\u00fd probl\u00e9m. Tato hranice v\u0161ak padla se zaveden\u00edm jednor\u00e1mov\u00fdch expon\u00e1t\u016f. A v dob\u011b&nbsp;ned\u00e1vn\u00e9 byla zavedena tak\u00e9 mo\u017enost roz\u0161\u00ed\u0159en\u00ed po\u010dtu r\u00e1m\u016f na dva \u010di t\u0159i. To vedlo (a m\u011blo by d\u00e1le v\u00e9st) k&nbsp;roz\u0161\u00ed\u0159en\u00ed z\u00e1jmu o sestaven\u00ed v\u00fdstavn\u00edch expon\u00e1t\u016f. Posledn\u00ed novinkou je jednostr\u00e1nkov\u00fd expon\u00e1t, tedy expon\u00e1t vytvo\u0159en\u00fd na jedn\u00e9 stran\u011b listu form\u00e1tu maxim\u00e1ln\u011b A3, co\u017e p\u0159edstavuje rozm\u011br 420 x 297 mm nebo men\u0161\u00ed, nap\u0159. A4. Pro n\u011bkoho mo\u017en\u00e1 t\u011b\u017eko p\u0159edstaviteln\u00e1 novinka \u017eije ji\u017e v\u00edce ne\u017e t\u0159i roky a v&nbsp;zahrani\u010d\u00ed zaznamen\u00e1v\u00e1 zaj\u00edmav\u00e9 v\u00fdsledky. P\u0159ipome\u0148me si, \u017ee v&nbsp;ned\u00e1vn\u00e9 dob\u011b mnoz\u00ed d\u00e1vali jednor\u00e1mov\u00fdm expon\u00e1t\u016fm tak\u00e9 pouze jepi\u010d\u00ed \u017eivot. A nyn\u00ed je to ji\u017e zaveden\u00e1 t\u0159\u00edda. Tento koncept vznikl v&nbsp;souvislosti s&nbsp;pandemii COVID, kdy nebylo mo\u017en\u00e9 se osobn\u011b sch\u00e1zet. Dal\u0161\u00edm d\u016fvodem je spojen\u00ed filatelist\u016f prost\u0159ednictv\u00edm z\u00e1bavn\u00e9 sout\u011b\u017ee (nap\u0159\u00edklad virtu\u00e1ln\u00ed v\u00fdstavy). A d\u00e1le tak\u00e9 povzbuzen\u00ed \u010dlen\u016f, kte\u0159\u00ed dosud nevystavovali. P\u0159\u00ednosem jednolistov\u00fdch expon\u00e1t\u016f by mohl b\u00fdt zv\u011bt\u0161uj\u00edc\u00ed se po\u010det nov\u00fdch vystavovatel\u016f. V\u017edy\u0165 p\u0159eci vytvo\u0159it jednu stranu s&nbsp;vyu\u017eit\u00edm zaj\u00edmav\u00e9ho materi\u00e1lu by nem\u011bl b\u00fdt probl\u00e9m. A mo\u017en\u00e1, \u017ee po prvn\u00edm vystaven\u00ed autor zjist\u00ed, \u017ee by mohl p\u0159ipravit i dal\u0161\u00ed a dal\u0161\u00ed str\u00e1nky\u2026 Nov\u011b vznikaj\u00edc\u00ed novinka m\u00e1 nyn\u00ed v\u00edce koncept\u016f, kter\u00e9 si hledaj\u00ed svoji cestu ve sv\u011bt\u011b organizovan\u00e9 filatelie. Tak\u00e9 na p\u016fd\u011b S\u010cF bude t\u0159eba zaujmout k&nbsp;t\u00e9to novince stanovisko, vzhledem k&nbsp;hodnocen\u00ed expon\u00e1t\u016f. Z\u0159ejm\u011b dojde i k&nbsp;up\u0159esn\u011bn\u00ed n\u00e1zvu: jednostr\u00e1nkov\u00fd nebo jednostrann\u00fd \u010di jednolistov\u00fd expon\u00e1t? Angli\u010dtina u\u017e\u00edv\u00e1 n\u00e1zvy one-page exhibit a tak\u00e9 single-page exhibit. Mo\u017en\u00e1 prvn\u00ed koncept t\u011bchto expon\u00e1t\u016f p\u0159edstavila Americk\u00e1 tematick\u00e1 spole\u010dnost ATA ji\u017e v&nbsp;roce 2020, kdy zve\u0159ejnila pravidla pro tvorbu a vyhl\u00e1sila prvn\u00ed nesout\u011b\u017en\u00ed virtu\u00e1ln\u00ed v\u00fdstavu ur\u010denou pro tyto expon\u00e1ty. Po\u017eadavkem na obsah listu byl alespo\u0148 jeden filatelistick\u00fd materi\u00e1l. V&nbsp;textov\u00e9 \u010d\u00e1sti byly povinn\u00e9 \u00fadaje: n\u00e1zev expon\u00e1tu, jm\u00e9no vystavovatele a kr\u00e1tk\u00fd popis objas\u0148uj\u00edc\u00ed obsah listu. Nepovinn\u00fdm \u00fadajem byla elektronick\u00e1 adresa vystavovatele, odkaz na webovou str\u00e1nku a v&nbsp;p\u0159\u00edpad\u011b pou\u017eit\u00ed zmen\u0161eniny obr\u00e1zku \u00fadaj o procentu zv\u011bt\u0161en\u00ed. V&nbsp;tomto konceptu se nepo\u010d\u00edtalo s&nbsp;pou\u017eit\u00edm skute\u010dn\u00fdch filatelistick\u00fdch materi\u00e1l\u016f, dovoleno bylo pou\u017eit\u00ed skenovan\u00fdch obr\u00e1zk\u016f. Koncept Britsk\u00e9 tematick\u00e9 asociace ji\u017e kladl d\u016fraz na pou\u017e\u00edv\u00e1n\u00ed skute\u010dn\u00fdch filatelistick\u00fdch materi\u00e1l\u016f (ve vlastnictv\u00ed autora listu, tedy ne pouze sken\u016f). Sou\u010dasn\u011b byl p\u0159edstaven model hodnocen\u00ed, podobn\u00fd jako po\u010d\u00e1te\u010dn\u00ed hodnocen\u00ed jednor\u00e1mov\u00fdch expon\u00e1t\u016f a to formou \u201ekamenn\u00e9\u201c stupnice: \u010cty\u0159i kategorie ocen\u011bn\u00ed podle BTA: \u2022 Diamant \u2013 jsou p\u0159\u00edtomny v\u0161echny prvky uveden\u00e9 v pravidlech\u2022 Rub\u00edn \u2013 v\u0161echny nebo v\u011bt\u0161ina po\u017eadovan\u00fdch prvk\u016f\u2022 Smaragd \u2013 jsou p\u0159\u00edtomny n\u011bkter\u00e9 z po\u017eadovan\u00fdch prvk\u016f\u2022 Op\u00e1l \u2013 je p\u0159\u00edtomno m\u00e1lo nebo \u017e\u00e1dn\u00fd z po\u017eadovan\u00fdch prvk\u016f Hodnot\u00edc\u00ed krit\u00e9ria (podle BTA) a maxim\u00e1ln\u00ed po\u010det bod\u016f (celkem 100): \u2022 P\u0159\u00edb\u011bh 40\u2022 Prezentace 15\u2022 Netematick\u00e9 informace 15\u2022 Kvalita materi\u00e1lu 10\u2022 R\u016fznorodost materi\u00e1lu 10\u2022 N\u00e1zev a \u00favod 10 Zaj\u00edmavou novinkou je projekt belgick\u00fd, kter\u00fd spo\u010d\u00edv\u00e1 ve v\u00fdzv\u011b ke tvorb\u011b jednolistov\u00fdch expon\u00e1t\u016f k&nbsp;libovoln\u00e9 jedn\u00e9 zn\u00e1mce ro\u010dn\u00edku. Jde o rozpracov\u00e1n\u00ed p\u0159\u00edb\u011bhu k&nbsp;vych\u00e1zej\u00edc\u00edm novink\u00e1m. Tato novinka \u2013 jednostr\u00e1nkov\u00fd expon\u00e1t &#8211; &nbsp;je vytvo\u0159ena zejm\u00e9na pro t\u0159\u00eddu tematickou, a d\u00e1le pro t\u0159\u00eddy otev\u0159en\u00e9 filatelie, pohlednic a ml\u00e1de\u017ee. Ale nic nebr\u00e1n\u00ed tomu, vytvo\u0159it expon\u00e1t i ve zb\u00fdvaj\u00edc\u00edch t\u0159\u00edd\u00e1ch. V\u011b\u0159\u00edm, \u017ee si tato novinka najde p\u0159\u00edznivce tak\u00e9 u n\u00e1s. Tedy: nebojte se vystavov\u00e1n\u00ed, jednostr\u00e1nkov\u00fd expon\u00e1t zvl\u00e1dne opravdu ka\u017ed\u00fd! A na z\u00e1v\u011br n\u011bkolik p\u0159\u00edklad\u016f. S\u00e1m jsem nechal inspirovat v\u00fdzvou k&nbsp;vytvo\u0159en\u00ed jednolistov\u00e9ho expon\u00e1tu k&nbsp;vydan\u00e9 novince. Vytvo\u0159il jsem list form\u00e1tu A3 u p\u0159\u00edle\u017eitosti loni vydan\u00e9 zn\u00e1mky ze s\u00e9rie um\u011bn\u00ed \u2013 obraz od Vladim\u00edra Tesa\u0159e. Dal\u0161\u00ed expon\u00e1ty jako inspiraci najdete na str\u00e1nk\u00e1ch ATA a BTA. Na t\u011bchto str\u00e1nk\u00e1ch je mo\u017en\u00e9 tak\u00e9 p\u0159ihl\u00e1sit se na v\u00fdstavy v&nbsp;t\u00e9to kategorii. Uk\u00e1zky jednolistov\u00fdch expon\u00e1t\u016f:<\/p>\n","protected":false},"author":1,"featured_media":0,"parent":0,"menu_order":0,"comment_status":"closed","ping_status":"closed","template":"","meta":{"footnotes":""},"class_list":["post-1165","page","type-page","status-publish","hentry"],"_links":{"self":[{"href":"https:\/\/svazfilatelistu.cz\/index.php?rest_route=\/wp\/v2\/pages\/1165","targetHints":{"allow":["GET"]}}],"collection":[{"href":"https:\/\/svazfilatelistu.cz\/index.php?rest_route=\/wp\/v2\/pages"}],"about":[{"href":"https:\/\/svazfilatelistu.cz\/index.php?rest_route=\/wp\/v2\/types\/page"}],"author":[{"embeddable":true,"href":"https:\/\/svazfilatelistu.cz\/index.php?rest_route=\/wp\/v2\/users\/1"}],"replies":[{"embeddable":true,"href":"https:\/\/svazfilatelistu.cz\/index.php?rest_route=%2Fwp%2Fv2%2Fcomments&post=1165"}],"version-history":[{"count":1,"href":"https:\/\/svazfilatelistu.cz\/index.php?rest_route=\/wp\/v2\/pages\/1165\/revisions"}],"predecessor-version":[{"id":1173,"href":"https:\/\/svazfilatelistu.cz\/index.php?rest_route=\/wp\/v2\/pages\/1165\/revisions\/1173"}],"wp:attachment":[{"href":"https:\/\/svazfilatelistu.cz\/index.php?rest_route=%2Fwp%2Fv2%2Fmedia&parent=1165"}],"curies":[{"name":"wp","href":"https:\/\/api.w.org\/{rel}","templated":true}]}}