{"id":1326,"date":"2026-03-10T19:27:31","date_gmt":"2026-03-10T18:27:31","guid":{"rendered":"https:\/\/svazfilatelistu.cz\/?page_id=1326"},"modified":"2026-03-10T20:20:37","modified_gmt":"2026-03-10T19:20:37","slug":"dotaznik-k-vystavovani","status":"publish","type":"page","link":"https:\/\/svazfilatelistu.cz\/?page_id=1326","title":{"rendered":"Dotazn\u00edk k vystavov\u00e1n\u00ed"},"content":{"rendered":"\n<p>V\u00e1\u017een\u00ed \u010dlenov\u00e9 S\u010cF,<\/p>\n\n\n\n<p>V&nbsp;n\u00e1vaznosti na schv\u00e1len\u00fd pl\u00e1n \u010dinnosti S\u010cF na obdob\u00ed 2025-2030 byl p\u0159ipraven dotazn\u00edk, kter\u00fd si klade za c\u00edl zjistit z\u00e1jem \u010dlen\u016f o odborn\u00e9 semin\u00e1\u0159e t\u00fdkaj\u00edc\u00edch se v\u00fdstavn\u00ed \u010dinnosti. C\u00edlem t\u011bchto semin\u00e1\u0159\u016f by m\u011blo b\u00fdt podn\u00edcen\u00ed tvorby nov\u00fdch expon\u00e1t\u016f od sb\u011bratel\u016f, kte\u0159\u00ed dosud s&nbsp;vystaven\u00edm v\u00e1hali a prakticky nev\u011bd\u011bli, jak za\u010d\u00edt. Z\u00e1rove\u0148 by m\u011bl zku\u0161en\u011bj\u0161\u00edm vystavovatel\u016fm uk\u00e1zat, jak je mo\u017en\u00e9 postupn\u011b zlep\u0161ovat kvalitu a t\u00edm i ocen\u011bn\u00ed jejich expon\u00e1t\u016f.&nbsp;<\/p>\n\n\n\n<p>V&nbsp;semin\u00e1\u0159\u00edch by se proto m\u011bly postupn\u011b prob\u00edrat:<\/p>\n\n\n\n<ul class=\"wp-block-list\">\n<li>z\u00e1klady vystavov\u00e1n\u00ed \u2013 co je vlastn\u011b expon\u00e1t a jeho n\u00e1le\u017eitosti (nap\u0159. \u00favodn\u00ed list, synopsis)<\/li>\n\n\n\n<li>jak\u00e9 m\u00e1me v\u00fdstavn\u00ed t\u0159\u00eddy \u2013 rozd\u011blen\u00ed, v\u00fdb\u011br, detaily o ka\u017ed\u00e9 z nich<\/li>\n\n\n\n<li>jak se expon\u00e1ty hodnot\u00ed odbornou porotou (jury) \u2013 hodnot\u00edc\u00ed krit\u00e9ria<\/li>\n\n\n\n<li>jak vhodn\u011b vybrat t\u00e9ma expon\u00e1tu<\/li>\n\n\n\n<li>jak vybrat do expon\u00e1tu vhodn\u00fd materi\u00e1l<\/li>\n\n\n\n<li>jak materi\u00e1l adjustovat na listy<\/li>\n\n\n\n<li>jak materi\u00e1l vhodn\u011b popisovat<\/li>\n\n\n\n<li>jak vytvo\u0159it hezkou prezentaci materi\u00e1lu na list\u011b<\/li>\n\n\n\n<li>jak rozv\u00edjet expon\u00e1t<\/li>\n\n\n\n<li>jak je nastaven syst\u00e9m sout\u011b\u017e\u00ed \u2013 kvalifikac\u00ed \u2013 \u010cesko p\u0159\u00edp. evropsk\u00e9 \u010di sv\u011btov\u00e9 v\u00fdstavy<\/li>\n\n\n\n<li>jak vyplnit p\u0159ihl\u00e1\u0161ku na v\u00fdstavu<\/li>\n\n\n\n<li>kde naj\u00edt dal\u0161\u00ed zdroje pro inspiraci \u2013 nejen Exponet.<\/li>\n<\/ul>\n\n\n\n<p>A to jak pro za\u010d\u00ednaj\u00edc\u00ed, tak i zku\u0161en\u011bj\u0161\u00ed vystavovatele. V\u011b\u0159\u00edm, \u017ee se n\u00e1m spole\u010dn\u011b poda\u0159\u00ed vytvo\u0159it funk\u010dn\u00ed syst\u00e9m, kter\u00fd bude ku prosp\u011bchu v\u0161ech \u010dlen\u016f.<\/p>\n\n\n\n<p class=\"has-text-align-right\">Ji\u0159\u00ed \u010cern\u00fd<\/p>\n\n\n\n<p>Dotazn\u00edk m\u016f\u017eete vyplnit <a href=\"https:\/\/forms.gle\/3jzy8s5Lv7k4T2t96\" target=\"_blank\" rel=\"noreferrer noopener\">on-line (jako Google formul\u00e1\u0159)<\/a> nebo si jej st\u00e1hnout a vypln\u011bn\u00fd zaslat e-mailem na adresu <a href=\"mailto:ikanek@email.cz\">ikanek@email.cz<\/a>. Va\u0161e odpov\u011bdi pros\u00edm za\u0161lete do 30. 4. 2026.<\/p>\n\n\n\n<div class=\"wp-block-file\"><a id=\"wp-block-file--media-3762fa92-a05b-4d29-9392-78426c6dd7a0\" href=\"https:\/\/svazfilatelistu.cz\/wp-content\/uploads\/2026\/03\/Dotaznik_vystavovani.docx\" target=\"_blank\" rel=\"noreferrer noopener\">Dotazn\u00edk ke sta\u017een\u00ed ve form\u00e1tu Word<\/a><a href=\"https:\/\/svazfilatelistu.cz\/wp-content\/uploads\/2026\/03\/Dotaznik_vystavovani.docx\" class=\"wp-block-file__button wp-element-button\" download aria-describedby=\"wp-block-file--media-3762fa92-a05b-4d29-9392-78426c6dd7a0\">St\u00e1hnout<\/a><\/div>\n\n\n\n<p><\/p>\n","protected":false},"excerpt":{"rendered":"<p>V\u00e1\u017een\u00ed \u010dlenov\u00e9 S\u010cF, V&nbsp;n\u00e1vaznosti na schv\u00e1len\u00fd pl\u00e1n \u010dinnosti S\u010cF na obdob\u00ed 2025-2030 byl p\u0159ipraven dotazn\u00edk, kter\u00fd si klade za c\u00edl zjistit z\u00e1jem \u010dlen\u016f o odborn\u00e9 semin\u00e1\u0159e t\u00fdkaj\u00edc\u00edch se v\u00fdstavn\u00ed \u010dinnosti. C\u00edlem t\u011bchto semin\u00e1\u0159\u016f by m\u011blo b\u00fdt podn\u00edcen\u00ed tvorby nov\u00fdch expon\u00e1t\u016f od sb\u011bratel\u016f, kte\u0159\u00ed dosud s&nbsp;vystaven\u00edm v\u00e1hali a prakticky nev\u011bd\u011bli, jak za\u010d\u00edt. Z\u00e1rove\u0148 by m\u011bl zku\u0161en\u011bj\u0161\u00edm vystavovatel\u016fm uk\u00e1zat, jak je mo\u017en\u00e9 postupn\u011b zlep\u0161ovat kvalitu a t\u00edm i ocen\u011bn\u00ed jejich expon\u00e1t\u016f.&nbsp; V&nbsp;semin\u00e1\u0159\u00edch by se proto m\u011bly postupn\u011b prob\u00edrat: A to jak pro za\u010d\u00ednaj\u00edc\u00ed, tak i zku\u0161en\u011bj\u0161\u00ed vystavovatele. V\u011b\u0159\u00edm, \u017ee se n\u00e1m spole\u010dn\u011b poda\u0159\u00ed vytvo\u0159it funk\u010dn\u00ed syst\u00e9m, kter\u00fd bude ku prosp\u011bchu v\u0161ech \u010dlen\u016f. Ji\u0159\u00ed \u010cern\u00fd Dotazn\u00edk m\u016f\u017eete vyplnit on-line (jako Google formul\u00e1\u0159) nebo si jej st\u00e1hnout a vypln\u011bn\u00fd zaslat e-mailem na adresu ikanek@email.cz. Va\u0161e odpov\u011bdi pros\u00edm za\u0161lete do 30. 4. 2026.<\/p>\n","protected":false},"author":1,"featured_media":0,"parent":0,"menu_order":0,"comment_status":"closed","ping_status":"closed","template":"","meta":{"footnotes":""},"class_list":["post-1326","page","type-page","status-publish","hentry"],"_links":{"self":[{"href":"https:\/\/svazfilatelistu.cz\/index.php?rest_route=\/wp\/v2\/pages\/1326","targetHints":{"allow":["GET"]}}],"collection":[{"href":"https:\/\/svazfilatelistu.cz\/index.php?rest_route=\/wp\/v2\/pages"}],"about":[{"href":"https:\/\/svazfilatelistu.cz\/index.php?rest_route=\/wp\/v2\/types\/page"}],"author":[{"embeddable":true,"href":"https:\/\/svazfilatelistu.cz\/index.php?rest_route=\/wp\/v2\/users\/1"}],"replies":[{"embeddable":true,"href":"https:\/\/svazfilatelistu.cz\/index.php?rest_route=%2Fwp%2Fv2%2Fcomments&post=1326"}],"version-history":[{"count":3,"href":"https:\/\/svazfilatelistu.cz\/index.php?rest_route=\/wp\/v2\/pages\/1326\/revisions"}],"predecessor-version":[{"id":1336,"href":"https:\/\/svazfilatelistu.cz\/index.php?rest_route=\/wp\/v2\/pages\/1326\/revisions\/1336"}],"wp:attachment":[{"href":"https:\/\/svazfilatelistu.cz\/index.php?rest_route=%2Fwp%2Fv2%2Fmedia&parent=1326"}],"curies":[{"name":"wp","href":"https:\/\/api.w.org\/{rel}","templated":true}]}}