{"id":180,"date":"2023-09-19T15:56:40","date_gmt":"2023-09-19T13:56:40","guid":{"rendered":"https:\/\/pepa.filaso.cz\/?page_id=180"},"modified":"2024-03-19T21:14:13","modified_gmt":"2024-03-19T20:14:13","slug":"pametni-kniha-svazu-ceskych-filatelistu","status":"publish","type":"page","link":"https:\/\/svazfilatelistu.cz\/?page_id=180","title":{"rendered":"Pam\u011btn\u00ed kniha Svazu \u010desk\u00fdch filatelist\u016f"},"content":{"rendered":"\n<figure class=\"wp-block-image size-full is-resized\"><img loading=\"lazy\" decoding=\"async\" src=\"https:\/\/svazfilatelistu.cz\/wp-content\/uploads\/2023\/09\/1.jpg\" alt=\"\" class=\"wp-image-181\" width=\"1000\" height=\"750\" srcset=\"https:\/\/svazfilatelistu.cz\/wp-content\/uploads\/2023\/09\/1.jpg 1000w, https:\/\/svazfilatelistu.cz\/wp-content\/uploads\/2023\/09\/1-300x225.jpg 300w, https:\/\/svazfilatelistu.cz\/wp-content\/uploads\/2023\/09\/1-768x576.jpg 768w\" sizes=\"auto, (max-width: 1000px) 100vw, 1000px\" \/><\/figure>\n\n\n\n<figure class=\"wp-block-image size-full is-resized\"><img loading=\"lazy\" decoding=\"async\" src=\"https:\/\/svazfilatelistu.cz\/wp-content\/uploads\/2023\/09\/2.jpg\" alt=\"\" class=\"wp-image-182\" width=\"1000\" height=\"750\" srcset=\"https:\/\/svazfilatelistu.cz\/wp-content\/uploads\/2023\/09\/2.jpg 1000w, https:\/\/svazfilatelistu.cz\/wp-content\/uploads\/2023\/09\/2-300x225.jpg 300w, https:\/\/svazfilatelistu.cz\/wp-content\/uploads\/2023\/09\/2-768x576.jpg 768w\" sizes=\"auto, (max-width: 1000px) 100vw, 1000px\" \/><\/figure>\n\n\n\n<figure class=\"wp-block-image size-full is-resized\"><img loading=\"lazy\" decoding=\"async\" src=\"https:\/\/svazfilatelistu.cz\/wp-content\/uploads\/2023\/09\/3.jpg\" alt=\"\" class=\"wp-image-183\" width=\"1000\" height=\"750\" srcset=\"https:\/\/svazfilatelistu.cz\/wp-content\/uploads\/2023\/09\/3.jpg 1000w, https:\/\/svazfilatelistu.cz\/wp-content\/uploads\/2023\/09\/3-300x225.jpg 300w, https:\/\/svazfilatelistu.cz\/wp-content\/uploads\/2023\/09\/3-768x576.jpg 768w\" sizes=\"auto, (max-width: 1000px) 100vw, 1000px\" \/><\/figure>\n\n\n\n<figure class=\"wp-block-image size-full is-resized\"><img loading=\"lazy\" decoding=\"async\" src=\"https:\/\/svazfilatelistu.cz\/wp-content\/uploads\/2023\/09\/4.jpg\" alt=\"\" class=\"wp-image-184\" width=\"1000\" height=\"750\" srcset=\"https:\/\/svazfilatelistu.cz\/wp-content\/uploads\/2023\/09\/4.jpg 1000w, https:\/\/svazfilatelistu.cz\/wp-content\/uploads\/2023\/09\/4-300x225.jpg 300w, https:\/\/svazfilatelistu.cz\/wp-content\/uploads\/2023\/09\/4-768x576.jpg 768w\" sizes=\"auto, (max-width: 1000px) 100vw, 1000px\" \/><\/figure>\n\n\n\n<figure class=\"wp-block-image size-full is-resized\"><img loading=\"lazy\" decoding=\"async\" src=\"https:\/\/svazfilatelistu.cz\/wp-content\/uploads\/2023\/09\/5.jpg\" alt=\"\" class=\"wp-image-185\" width=\"1000\" height=\"750\" srcset=\"https:\/\/svazfilatelistu.cz\/wp-content\/uploads\/2023\/09\/5.jpg 1000w, https:\/\/svazfilatelistu.cz\/wp-content\/uploads\/2023\/09\/5-300x225.jpg 300w, https:\/\/svazfilatelistu.cz\/wp-content\/uploads\/2023\/09\/5-768x576.jpg 768w\" sizes=\"auto, (max-width: 1000px) 100vw, 1000px\" \/><\/figure>\n\n\n\n<figure class=\"wp-block-image size-full is-resized\"><img loading=\"lazy\" decoding=\"async\" src=\"https:\/\/svazfilatelistu.cz\/wp-content\/uploads\/2023\/09\/6.jpg\" alt=\"\" class=\"wp-image-186\" width=\"1000\" height=\"750\" srcset=\"https:\/\/svazfilatelistu.cz\/wp-content\/uploads\/2023\/09\/6.jpg 1000w, https:\/\/svazfilatelistu.cz\/wp-content\/uploads\/2023\/09\/6-300x225.jpg 300w, https:\/\/svazfilatelistu.cz\/wp-content\/uploads\/2023\/09\/6-768x576.jpg 768w\" sizes=\"auto, (max-width: 1000px) 100vw, 1000px\" \/><\/figure>\n\n\n\n<figure class=\"wp-block-image size-full is-resized\"><img loading=\"lazy\" decoding=\"async\" src=\"https:\/\/svazfilatelistu.cz\/wp-content\/uploads\/2023\/09\/7.jpg\" alt=\"\" class=\"wp-image-187\" width=\"1000\" height=\"750\" srcset=\"https:\/\/svazfilatelistu.cz\/wp-content\/uploads\/2023\/09\/7.jpg 1000w, https:\/\/svazfilatelistu.cz\/wp-content\/uploads\/2023\/09\/7-300x225.jpg 300w, https:\/\/svazfilatelistu.cz\/wp-content\/uploads\/2023\/09\/7-768x576.jpg 768w\" sizes=\"auto, (max-width: 1000px) 100vw, 1000px\" \/><\/figure>\n","protected":false},"excerpt":{"rendered":"","protected":false},"author":3,"featured_media":0,"parent":0,"menu_order":0,"comment_status":"closed","ping_status":"closed","template":"","meta":{"footnotes":""},"class_list":["post-180","page","type-page","status-publish","hentry"],"_links":{"self":[{"href":"https:\/\/svazfilatelistu.cz\/index.php?rest_route=\/wp\/v2\/pages\/180","targetHints":{"allow":["GET"]}}],"collection":[{"href":"https:\/\/svazfilatelistu.cz\/index.php?rest_route=\/wp\/v2\/pages"}],"about":[{"href":"https:\/\/svazfilatelistu.cz\/index.php?rest_route=\/wp\/v2\/types\/page"}],"author":[{"embeddable":true,"href":"https:\/\/svazfilatelistu.cz\/index.php?rest_route=\/wp\/v2\/users\/3"}],"replies":[{"embeddable":true,"href":"https:\/\/svazfilatelistu.cz\/index.php?rest_route=%2Fwp%2Fv2%2Fcomments&post=180"}],"version-history":[{"count":1,"href":"https:\/\/svazfilatelistu.cz\/index.php?rest_route=\/wp\/v2\/pages\/180\/revisions"}],"predecessor-version":[{"id":348,"href":"https:\/\/svazfilatelistu.cz\/index.php?rest_route=\/wp\/v2\/pages\/180\/revisions\/348"}],"wp:attachment":[{"href":"https:\/\/svazfilatelistu.cz\/index.php?rest_route=%2Fwp%2Fv2%2Fmedia&parent=180"}],"curies":[{"name":"wp","href":"https:\/\/api.w.org\/{rel}","templated":true}]}}