{"id":205,"date":"2023-09-20T10:47:20","date_gmt":"2023-09-20T08:47:20","guid":{"rendered":"https:\/\/pepa.filaso.cz\/?page_id=205"},"modified":"2026-03-31T00:17:44","modified_gmt":"2026-03-30T22:17:44","slug":"komise-znalcu-scf","status":"publish","type":"page","link":"https:\/\/svazfilatelistu.cz\/?page_id=205","title":{"rendered":"Komise znalc\u016f S\u010cF"},"content":{"rendered":"\n<h2 class=\"wp-block-heading\">Statut Komise znalc\u016f S\u010cF<\/h2>\n\n\n\n<div class=\"wp-block-file\"><a id=\"wp-block-file--media-e95abcf2-b3e2-4a92-8ac4-2e55a1cd28f5\" href=\"https:\/\/svazfilatelistu.cz\/wp-content\/uploads\/2023\/09\/Statut_KZ.pdf\" target=\"_blank\" rel=\"noreferrer noopener\">Statut Komise znalc\u016f S\u010cF<\/a><\/div>\n\n\n\n<h2 class=\"wp-block-heading\">\u010clenov\u00e9 Komise znalc\u016f S\u010cF<\/h2>\n\n\n\n<ul class=\"wp-block-list\">\n<li>Arbeit Marcel (<a href=\"mailto:marcel.arbeit@upol.cz\">marcel.arbeit@upol.cz<\/a>), znalec \u2013 \u010cSR II a \u010cR<\/li>\n\n\n\n<li>Bene\u0161 Franti\u0161ek (<a href=\"mailto:stamps@stamps.cz\">stamps@stamps.cz<\/a>), znalec \u2013 \u010cSR I a II, \u010cR, p\u010caM<\/li>\n\n\n\n<li>Bou\u010dek Ji\u0159\u00ed (<a href=\"mailto:boucekjiri@email.cz\">boucekjiri@email.cz<\/a>), znalec \u2013 Fisk\u00e1ln\u00ed ceniny platn\u00e9 na na\u0161em \u00fazem\u00ed<\/li>\n\n\n\n<li>Cacka Julius (<a href=\"mailto:julius@atlas.cz\">julius@atlas.cz<\/a>), poradce \u2013 Astrofilatelie, se specializac\u00ed na rusk\u00e1 raz\u00edtka s n\u00e1m\u011btem kosmos<\/li>\n\n\n\n<li>Dra\u017ean Vladim\u00edr (<a href=\"mailto:vladimirdrazan@volny.cz\">vladimirdrazan@volny.cz<\/a>), znalec \u2013 Celiny \u010cSR; Celistvosti \u010ds. m\u011bnov\u00e9 reformy 1953<\/li>\n\n\n\n<li>Folprecht Petr (<a href=\"mailto:petr.folprecht@volny.cz\">petr.folprecht@volny.cz<\/a>), znalec \u2013 \u010cSR I, se specializac\u00ed na emisi Hrad\u010dany<\/li>\n\n\n\n<li>Hauzr Michal (<a href=\"mailto:mh123@seznam.cz\">mh123@seznam.cz<\/a>), kandid\u00e1t \u2013 p\u010caM, se specializac\u00ed na materi\u00e1l se vztahem k holocaustu<\/li>\n\n\n\n<li>Hir\u0161 Pavel (<a href=\"mailto:phirs@seznam.cz\">phirs@seznam.cz<\/a>), poradce \u2013 Rakousk\u00e9 zn\u00e1mky a celiny platn\u00e9 na \u00fazem\u00ed dne\u0161n\u00ed \u010cR v letech 1850\u20131918<\/li>\n\n\n\n<li>Charamza Petr (<a href=\"mailto:charamza@seznam.cz\">charamza@seznam.cz<\/a>), poradce \u2013 Elektronick\u00e9 metody zkoum\u00e1n\u00ed p\u0159i identifikaci filatelistick\u00e9ho materi\u00e1lu<\/li>\n\n\n\n<li>Chudoba Josef (<a href=\"mailto:josef.chudoba@tul.cz\">josef.chudoba@tul.cz<\/a>), znalec \u2013 \u010cSR I (bez p\u0159etiskov\u00fdch vyd\u00e1n\u00ed)<\/li>\n\n\n\n<li>K\u00e1\u0148a V\u00e1clav (<a href=\"mailto:venak69@seznam.cz\">venak69@seznam.cz<\/a>), znalec \u2013 \u010cSR I, se specializac\u00ed na knihtiskov\u00e1 vyd\u00e1n\u00ed zn\u00e1mek<\/li>\n\n\n\n<li>Kop\u0159iva David (<a href=\"mailto:david.kopriva@email.cz\">david.kopriva@email.cz<\/a>), znalec \u2013 Rakousko 1850\u20131918; poradce \u2013 klasick\u00e1 vyd\u00e1n\u00ed Evropy<\/li>\n\n\n\n<li>Krejn\u00fd Miroslav (<a href=\"mailto:miroslav.krejny@tiscali.cz\">miroslav.krejny@tiscali.cz<\/a>), poradce \u2013 Zn\u00e1mky p\u010caM<\/li>\n\n\n\n<li>Kv\u011bton Radomil (<a href=\"mailto:kveton@etirs.sk\">kveton@etirs.sk<\/a>), znalec \u2013 Rakousko do r. 1918; \u010cSR 1920\u201339<\/li>\n\n\n\n<li>Malov\u00edk Vladim\u00edr (<a href=\"mailto:ability@volny.cz\">ability@volny.cz<\/a>), poradce \u2013 Instrument\u00e1ln\u00ed metody anal\u00fdzy p\u0159edm\u011bt\u016f filatelistick\u00e9ho z\u00e1jmu<\/li>\n\n\n\n<li>M\u00fcnzberger Vladim\u00edr (<a href=\"mailto:jav.munz@volny.cz\">jav.munz@volny.cz<\/a>), poradce \u2013 Perfiny pou\u017e\u00edvan\u00e9 na na\u0161em \u00fazem\u00ed (\u010ds. a rakousk\u00e9)<\/li>\n\n\n\n<li>Nygr\u00fdn Zden\u011bk (tel. 233 337 385), znalec \u2013 \u010cSR I a II, p\u010caM<\/li>\n\n\n\n<li>Ondr\u00e1\u010dek Martin (<a href=\"mailto:ondracek.revolucni1918@seznam.cz\">ondracek.revolucni1918@seznam.cz<\/a>), znalec \u2013 \u010cSR I, se specializac\u00ed na revolu\u010dn\u00ed vyd\u00e1n\u00ed z roku 1918<\/li>\n\n\n\n<li>Pa\u017eout Pavel, emeritn\u00ed znalec \u2013 \u010cSR II a \u010cR<\/li>\n\n\n\n<li>Sto\u0161ek Ji\u0159\u00ed (<a href=\"mailto:info@filateliehobby.cz\">info@filatelie-hobby.cz<\/a>), znalec \u2013 \u010cSR I, se specializac\u00ed na emisi P\u010c 1919<\/li>\n\n\n\n<li>Svoboda V\u00e1clav (<a href=\"mailto:fil.zeleny.konicek@seznam.cz\">fil.zeleny.konicek@seznam.cz<\/a>), poradce \u2013 Ekonomika, se specializac\u00ed na ceny a odhady ve filatelii<\/li>\n\n\n\n<li>\u0160ediv\u00fd V\u00e1clav (<a href=\"mailto:vsedivy@email.cz\">vsedivy@email.cz<\/a>), znalec \u2013 Polsko do r. 1939; Jugosl\u00e1vie 1918\u201339<\/li>\n\n\n\n<li>\u0160kaloud Ji\u0159\u00ed (<a href=\"mailto:skaloud.jiri@volny.cz\">skaloud.jiri@volny.cz<\/a>), znalec \u2013 \u010cSR I, se specializac\u00ed na emisi Hrad\u010dany 1918<\/li>\n\n\n\n<li>\u0160tefek Jaroslav (<a href=\"mailto:jaroslav.stefek@volny.cz\">jaroslav.stefek@volny.cz<\/a>), znalec \u2013 \u010cR \u2013 ochrann\u00e9 prvky po\u0161tovn\u00edch zn\u00e1mek, celin a kolk\u016f<\/li>\n\n\n\n<li>Trnka Hynek (<a href=\"mailto:hynektrnka@seznam.cz\">hynektrnka@seznam.cz<\/a>), znalec \u2013 Leteck\u00e9 celistvosti \u010cSR I<\/li>\n\n\n\n<li>Trojan Martin (<a href=\"mailto:martin_tr@volny.cz\">martin_tr@volny.cz<\/a>), poradce \u2013 Elektronick\u00e9 a optick\u00e9 metody zkoum\u00e1n\u00ed filatelistick\u00e9ho materi\u00e1lu<\/li>\n\n\n\n<li>Vrba Marek (<a href=\"mailto:marek.vrba@email.cz\">marek.vrba@email.cz<\/a>), znalec \u2013 \u010cSR I<\/li>\n\n\n\n<li>Vychron Tom\u00e1\u0161 (<a href=\"mailto:petr.vychron@iol.cz\">petr.vychron@iol.cz<\/a>), znalec \u2013 \u010cSR II a \u010cR<\/li>\n\n\n\n<li>Weissenstein Josef (<a href=\"mailto:info@parfilex.cz\">info@parfilex.cz<\/a>), znalec \u2013 \u010cSR II<\/li>\n<\/ul>\n\n\n\n<p>Vedle zku\u0161ebn\u00edch znalc\u016f a poradc\u016f se v r\u00e1mci Komise znalc\u016f na v\u00fdkon funkce znalce nebo poradce p\u0159ipravuj\u00ed i dal\u0161\u00ed odborn\u00edci (uchaze\u010di a kandid\u00e1ti), u nich\u017e je p\u0159\u00edslu\u0161n\u00e9 \u0159\u00edzen\u00ed v r\u016fzn\u00e9m stupni pokro\u010dilosti:<\/p>\n\n\n\n<ul class=\"wp-block-list\">\n<li>Kr\u00e1tk\u00fd Jan (<a href=\"mailto:honzakratky1@gmail.com\">honzakratky1@gmail.com<\/a>) \u2013 Alb\u00e1nie do r. 1944 a rakousk\u00e9 celiny do r. 1918<\/li>\n\n\n\n<li>\u0160m\u00edd Anton\u00edn (<a href=\"mailto:as.tubepost@seznam.cz\">as.tubepost@seznam.cz<\/a>) \u2013 Potrubn\u00ed po\u0161ta<\/li>\n\n\n\n<li>Coufal Rudolf (<a href=\"mailto:risl@risl.cz\">risl@risl.cz<\/a>) \u2013 \u010cs. revolu\u010dn\u00ed p\u0159etisky 1918<\/li>\n\n\n\n<li>Ol\u0161ina Ladislav (<a href=\"mailto:olsina@email.cz\">olsina@email.cz<\/a>) \u2013 \u010cSR I, se specializac\u00ed na emisi Hrad\u010dany 1918 a na knihtiskov\u00e1 vyd\u00e1n\u00ed<\/li>\n\n\n\n<li>Pazdern\u00edk Tom\u00e1\u0161 (<a href=\"mailto:tom.pazdernik@seznam.cz\">tom.pazdernik@seznam.cz<\/a>) \u2013 Sudety 1938 \u2013 Rumbursk\u00fd p\u0159etisk, N\u011bmeck\u00e9 kolonie a n\u011bmeck\u00e9 po\u0161tovn\u00ed \u00fa\u0159ady v zahrani\u010d\u00ed.<\/li>\n<\/ul>\n","protected":false},"excerpt":{"rendered":"<p>Statut Komise znalc\u016f S\u010cF \u010clenov\u00e9 Komise znalc\u016f S\u010cF Vedle zku\u0161ebn\u00edch znalc\u016f a poradc\u016f se v r\u00e1mci Komise znalc\u016f na v\u00fdkon funkce znalce nebo poradce p\u0159ipravuj\u00ed i dal\u0161\u00ed odborn\u00edci (uchaze\u010di a kandid\u00e1ti), u nich\u017e je p\u0159\u00edslu\u0161n\u00e9 \u0159\u00edzen\u00ed v r\u016fzn\u00e9m stupni pokro\u010dilosti:<\/p>\n","protected":false},"author":3,"featured_media":0,"parent":0,"menu_order":0,"comment_status":"closed","ping_status":"closed","template":"","meta":{"footnotes":""},"class_list":["post-205","page","type-page","status-publish","hentry"],"_links":{"self":[{"href":"https:\/\/svazfilatelistu.cz\/index.php?rest_route=\/wp\/v2\/pages\/205","targetHints":{"allow":["GET"]}}],"collection":[{"href":"https:\/\/svazfilatelistu.cz\/index.php?rest_route=\/wp\/v2\/pages"}],"about":[{"href":"https:\/\/svazfilatelistu.cz\/index.php?rest_route=\/wp\/v2\/types\/page"}],"author":[{"embeddable":true,"href":"https:\/\/svazfilatelistu.cz\/index.php?rest_route=\/wp\/v2\/users\/3"}],"replies":[{"embeddable":true,"href":"https:\/\/svazfilatelistu.cz\/index.php?rest_route=%2Fwp%2Fv2%2Fcomments&post=205"}],"version-history":[{"count":6,"href":"https:\/\/svazfilatelistu.cz\/index.php?rest_route=\/wp\/v2\/pages\/205\/revisions"}],"predecessor-version":[{"id":1353,"href":"https:\/\/svazfilatelistu.cz\/index.php?rest_route=\/wp\/v2\/pages\/205\/revisions\/1353"}],"wp:attachment":[{"href":"https:\/\/svazfilatelistu.cz\/index.php?rest_route=%2Fwp%2Fv2%2Fmedia&parent=205"}],"curies":[{"name":"wp","href":"https:\/\/api.w.org\/{rel}","templated":true}]}}