{"id":217,"date":"2023-09-21T08:00:36","date_gmt":"2023-09-21T06:00:36","guid":{"rendered":"https:\/\/pepa.filaso.cz\/?page_id=217"},"modified":"2025-03-25T21:36:28","modified_gmt":"2025-03-25T20:36:28","slug":"spolecnost-sberatelu-perfinu","status":"publish","type":"page","link":"https:\/\/svazfilatelistu.cz\/?page_id=217","title":{"rendered":"Spole\u010dnost sb\u011bratel\u016f perfin\u016f"},"content":{"rendered":"\n<p><strong>P\u0159edseda:<\/strong>&nbsp;RNDr. Franti\u0161ek Straka, e\u2013mail: <a href=\"mailto:s.traka@volny.cz\">s.traka@volny.cz<\/a><br><strong>M\u00edstop\u0159edseda:<\/strong>&nbsp;Vladim\u00edr M\u00fcnzberger, e-mail: <a href=\"mailto:jav.munz@volny.cz\">jav.munz@volny.cz<\/a><br><strong>Pokladn\u00edk:<\/strong>&nbsp;PhMr. Vladislav Bene\u0161, <a href=\"mailto:benes.vlada@post.cz\">benes.vlada@post.cz<\/a><br><strong>Webov\u00e9 str\u00e1nky:<\/strong>&nbsp;<a href=\"http:\/\/perfin.cz\/cs\/\" target=\"_blank\" rel=\"noreferrer noopener\">http:\/\/perfin.cz<\/a><\/p>\n\n\n\n<div class=\"wp-block-file\"><a id=\"wp-block-file--media-eb8420e7-7723-444d-b1a6-82c73ade310d\" href=\"https:\/\/svazfilatelistu.cz\/wp-content\/uploads\/2024\/10\/Prezentace-Perfiny-.pdf\" target=\"_blank\" rel=\"noreferrer noopener\">Prezentace spole\u010dnosti ve form\u00e1tu pdf<\/a><a href=\"https:\/\/svazfilatelistu.cz\/wp-content\/uploads\/2024\/10\/Prezentace-Perfiny-.pdf\" class=\"wp-block-file__button wp-element-button\" download aria-describedby=\"wp-block-file--media-eb8420e7-7723-444d-b1a6-82c73ade310d\">St\u00e1hnout<\/a><\/div>\n\n\n\n<p><strong>Odborn\u00e1 spole\u010dnost sb\u011bratel\u016f perfin\u016f<\/strong> se zab\u00fdv\u00e1 sb\u00edr\u00e1n\u00edm, studiem, katalogizac\u00ed a propagac\u00ed perfin\u016f, zejm\u00e9na firemn\u00edch. Term\u00ednem perfin rozum\u00edme d\u00edrkov\u00e1n\u00ed po\u0161tovn\u00edch a fisk\u00e1ln\u00edch cenin, formul\u00e1\u0159\u016f a jin\u00fdch doklad\u016f, kter\u00e9 bylo pou\u017e\u00edv\u00e1no j<strong>ako ochrann\u00e9 opat\u0159en\u00ed p\u0159ed jejich zcizov\u00e1n\u00edm a zneu\u017e\u00edv\u00e1n\u00edm, a to obvykle ve firm\u00e1ch. Toto opat\u0159en\u00ed schv\u00e1len\u00e9 po\u0161tovn\u00ed spr\u00e1vou bylo nejprve v&nbsp;roce 1868 zavedeno ve Velk\u00e9 Brit\u00e1nii, odkud se postupn\u011b roz\u0161\u00ed\u0159ilo do cel\u00e9ho sv\u011bta. B\u00fdval\u00e1 Rakousko-Uhersk\u00e1 po\u0161tovn\u00ed spr\u00e1va je uznala v&nbsp;roce 1877.<\/strong><\/p>\n\n\n\n<p>Pr\u016fkopn\u00edkem sb\u00edr\u00e1n\u00ed perfin\u016f u n\u00e1s byl zn\u00e1m\u00fd pra\u017esk\u00fd filatelista, dnes ji\u017e zesnul\u00fd Vojt\u011bch Maxa. N\u011bkdy zjara roku 1971 uve\u0159ejnil prvn\u00ed \u010dl\u00e1nek o perfinech v \u010dasopisu Filatelie. B\u011bhem pom\u011brn\u011b kr\u00e1tk\u00e9 doby ho kontaktovala \u0159ada filatelist\u016f, kte\u0159\u00ed mu p\u0159ed\u00e1vali svoje poznatky a poskytovali mu materi\u00e1l k dal\u0161\u00edmu studiu. V\u00fdsledkem bylo prvn\u00ed vyd\u00e1n\u00ed Katalogu perfin\u016f z \u00fazem\u00ed \u010ceskoslovenska, kter\u00e9 vy\u0161lo \u2013 kupodivu \u2013 ne v Praze, ale na Slovensku, v tehdej\u0161\u00edm KF Hlohovec. D\u00e1le se aktivita rozv\u00edjela v oblasti publika\u010dn\u00ed \u2013 V. Maxa za\u010dal v \u010dervnu 1974 vyd\u00e1vat pravideln\u011b zpravodaj Perfiny. Prvn\u00ed 3 ro\u010dn\u00edky (1974 \u2013 1976) byly ve form\u00e1tu A4, zpravidla 2, pozd\u011bji 2\u20133 strany v 1 \u010d\u00edslu. Od roku 1977 byl zpravodaj ve form\u00e1tu A5, kter\u00fd z\u016fstal zachov\u00e1n a\u017e do sou\u010dasnosti. K tomu je nutno dodat, \u017ee zpravodaj byl sice rozsahem nevelk\u00fd, v n\u00e1sleduj\u00edc\u00edm obdob\u00ed maxim\u00e1ln\u011b 8 stran A5, zato vych\u00e1zel 10x ro\u010dn\u011b. Od roku 1991 do roku 1998 nastala ve vydavatelsk\u00e9 \u010dinnosti pauza a vyd\u00e1v\u00e1n\u00ed zpravodaje bylo obnoveno v r. 1998. V obdob\u00ed 1998 \u2013 2002 vych\u00e1zely 3 \u010d\u00edsla ro\u010dn\u011b, od roku 2003 pravideln\u011b vych\u00e1zej\u00ed 4 \u010d\u00edsla ro\u010dn\u011b. Od roku 2004 pak zpravodaj vyd\u00e1v\u00e1 spole\u010dn\u011b \u010desk\u00e1 sekce (od r. 2005 Spole\u010dnost) sb\u011bratel\u016f perfin\u016f a slovensk\u00e1 Skupina zberatelov perfinov, v rozsahu 24 \u2013 36 stran. Posledn\u00ed vydan\u00e9 \u010d\u00edslo (4\/2022) je v po\u0159ad\u00ed ji\u017e 222. V roce 2023 vstoup\u00ed zpravodaj PERFINY do 44. ro\u010dn\u00edku.<\/p>\n\n\n\n<p>Sou\u010dasn\u00e1 Spole\u010dnost sb\u011bratel\u016f perfin\u016f vznikala v pr\u016fb\u011bhu roku 1974 soub\u011b\u017en\u011b s vyd\u00e1v\u00e1n\u00edm zpravodaje. Do konce roku 1974 se za odb\u011bratele p\u0159ihl\u00e1silo okolo 100 sb\u011bratel\u016f z cel\u00e9 republiky a zn\u00e1m\u00fd pra\u017esk\u00fd klub KF 00\u201365 Kovoprojekta poskytl vznikaj\u00edc\u00ed skupin\u011b \u00fato\u010di\u0161t\u011b. Pod hlavi\u010dkou tohoto klubu pak skupina p\u016fsobila dlouhou \u0159adu let. Tomuto klubu a podpo\u0159e, kterou skupin\u011b poskytoval, pak m\u016f\u017eeme vd\u011b\u010dit za to, \u017ee se v roce 1978 poda\u0159ilo uskute\u010dnit prvn\u00ed propaga\u010dn\u00ed v\u00fdstavu pouze perfin\u016f. Bohu\u017eel, byla na dlouhou dobu jedin\u00e1. A\u017e v roce 2004, ke 30. v\u00fdro\u010d\u00ed vyd\u00e1v\u00e1n\u00ed zpravodaje byla uspo\u0159\u00e1d\u00e1na dal\u0161\u00ed propaga\u010dn\u00ed v\u00fdstava, kter\u00e9 se z\u00fa\u010dastnilo 7 \u010dlen\u016f \u010desk\u00e9 sekce a 3 \u010dlenov\u00e9 ze slovensk\u00e9 skupiny. Po\u010det \u010dlen\u016f Spole\u010dnosti kol\u00edsal a byly doby (p\u0159ed rokem 1989), kdy m\u011bla i p\u0159es 200 \u010dlen\u016f. Na stav \u010dlensk\u00e9 z\u00e1kladny m\u011blo vliv mj. i rozd\u011blen\u00ed b\u00fdval\u00e9 republiky, po\u010det \u010dlen\u016f klesl. V letech 1991 \u2013 1998 skupina t\u00e9m\u011b\u0159 zanikla, p\u0159esn\u011bji \u0159e\u010deno nevykazovala \u017e\u00e1dnou \u010dinnost. A\u017e v roce 1998 byla \u010dinnost obnovena a po\u010det \u010dlen\u016f se od t\u00e9 doby ust\u00e1lil. Nyn\u00ed m\u00e1 Spole\u010dnost 67 \u010dlen\u016f, z&nbsp;toho je 6 sb\u011bratel\u016f z&nbsp;USA a 1 z N\u011bmecka.<\/p>\n\n\n\n<p>Za dobu trv\u00e1n\u00ed skupiny byla p\u0159ipravena a vyd\u00e1na \u0159ada katalog\u016f perfin\u016f formou p\u0159\u00edloh k zpravodaji: jejich autorem byl nejprve ji\u017e vzpomenut\u00fd Vojt\u011bch Maxa, pozd\u011bji p\u0159ibyli i dal\u0161\u00ed spoluauto\u0159i, nap\u0159. Ladislav Jane\u010dek, V\u00e1clav Fejtek a \u0159ada spolupracovn\u00edk\u016f. Byly to p\u0159edn\u011b katalogy perfin\u016f z \u00fazem\u00ed \u010ceskoslovenska, d\u00e1le katalogy perfin\u016f Rakouska, Ma\u010farska, Rumunska, Jugosl\u00e1vie, Bulharska, \u0158ecka, Polska a n\u011bkter\u00fdch dal\u0161\u00edch zem\u00ed. V sou\u010dasnosti m\u00e1 V. Maxa d\u016fstojn\u00e9 pokra\u010dovatele, kte\u0159\u00ed p\u0159ipravuj\u00ed dopln\u011bn\u00e9 a opraven\u00e9 vyd\u00e1n\u00ed katalogu perfin\u016f Rakouska a pak bude n\u00e1sledovat dopln\u011bn\u00e9 a opraven\u00e9 vyd\u00e1n\u00ed katalogu perfin\u016f z \u00fazem\u00ed \u010cSR. Perfiny na\u0161ly cestu i do katalog\u016f vyd\u00e1van\u00fdch Pofisem. V roce 2013 to byl Protektor\u00e1t \u010cechy a Morava, na za\u010d\u00e1tku roku 2015 \u010ceskoslovensko 1945 \u2013 1992. V obou kataloz\u00edch jsou kapitoly v\u011bnovan\u00e9 perfin\u016fm. Nejnov\u011bj\u0161\u00edm po\u010dinem Pofisu je vyd\u00e1n\u00ed Monografie \u010d.24 autor\u016f Vladim\u00edra M\u00fcnzbergera a Old\u0159icha \u0160pre\u0148ara Katalog perfin\u016f z&nbsp;\u00fazem\u00ed \u010ceskoslovenska.<\/p>\n\n\n\n<p>V sou\u010dasn\u00e9 dob\u011b veden\u00ed Spole\u010dnosti krom\u011b vyd\u00e1v\u00e1n\u00ed zpravodaje organizuje pro \u010dleny pravideln\u00e1 setk\u00e1n\u00ed 2 x ro\u010dn\u011b, na ja\u0159e a na podzim, Tato pravidelnost byla naru\u0161ena v&nbsp;roce 2020, kdy se setk\u00e1n\u00ed neuskute\u010dnila kv\u016fli pandemii covidu a 2021, kdy se perfin\u00e1\u0159i se\u0161li a\u017e na podzim. V&nbsp;letech 1915, 1917 a 1919 se ve slovensk\u00e9m \u0160t\u00farovu uskute\u010dnila trojstrann\u00e1 setk\u00e1n\u00ed perfin\u00e1\u0159\u016f ze Slovenska (po\u0159adatel\u00e9), \u010ceska a Ma\u010farska. Dal\u0161\u00ed aktivitou je po\u0159\u00e1d\u00e1n\u00ed aukc\u00ed z nab\u00eddek na\u0161ich \u010dlen\u016f. V minulosti b\u00fdvaly sou\u010d\u00e1st\u00ed setk\u00e1n\u00ed, n\u011bkdy byly uspo\u0159\u00e1d\u00e1ny jako p\u00edsemn\u00e9. Po rozd\u011blen\u00ed v roce 1993 z\u016fstala na Slovensku \u010d\u00e1st \u010dlen\u016f, kte\u0159\u00ed si vytvo\u0159ili vlastn\u00ed skupinu sb\u011bratel\u016f perfin\u016f. B\u011bhem roku 2003 se se\u0161la veden\u00ed jak z \u010desk\u00e9, tak ze slovensk\u00e9 strany a byla dohodnuta spolupr\u00e1ce p\u0159i vyd\u00e1v\u00e1n\u00ed zpravodaje. Od roku 2004 vych\u00e1zej\u00ed pravideln\u011b 4 \u010d\u00edsla ro\u010dn\u011b. 2 \u010d\u00edsla p\u0159ipravuje \u010desk\u00e1 redakce, 2 \u010d\u00edsla slovensk\u00e1 redakce a tato spolupr\u00e1ce pokra\u010duje, ji\u017e brzy to bude 20 let.<\/p>\n\n\n\n<p>Dal\u0161\u00ed v\u00fdznamnou aktivitou Spole\u010dnosti jsou vlastn\u00ed webov\u00e9 str\u00e1nky&nbsp;<a href=\"http:\/\/perfin.cz\/cs\/\" target=\"_blank\" rel=\"noreferrer noopener\">perfin.cz<\/a>. Maj\u00ed \u010d\u00e1st ve\u0159ejnou, p\u0159\u00edstupnou pro v\u0161echny z\u00e1jemce a \u010d\u00e1st uzav\u0159enou, p\u0159\u00edstupnou pouze \u010dlen\u016fm.<\/p>\n\n\n\n<p>Ji\u017e n\u011bkolik let vznikaj\u00ed i expon\u00e1ty perfin\u016f, kter\u00e9 vytvo\u0159ili na\u0161i \u010dlenov\u00e9. P\u0159ev\u00e1\u017en\u011b jsou jednor\u00e1mov\u00e9, kter\u00e9 postupn\u011b z\u00edskaly kvalifikaci i k vystavov\u00e1n\u00ed na mezin\u00e1rodn\u00ed \u00farovni, kde dosahovaly velmi dobr\u00fdch ocen\u011bn\u00ed. Dnes m\u00e1me i expon\u00e1ty p\u011btir\u00e1mov\u00e9 a dokonce jeden osmir\u00e1mov\u00fd. P\u0159ehled vzpomenut\u00fdch expon\u00e1t\u016f je na&nbsp;<a href=\"http:\/\/www.exponet.info\/index.php?lng=CZ\" target=\"_blank\" rel=\"noreferrer noopener\">EXPONETu<\/a>&nbsp;v samostatn\u00e9 sekci Perfiny, kde jsou krom\u011b expon\u00e1t\u016f na\u0161ich vystavovatel\u016f i expon\u00e1ty zahrani\u010dn\u00edch vystavovatel\u016f.<\/p>\n\n\n\n<p>Perfiny se od zavrhovan\u00fdch popelek filatelie dostaly na \u00farove\u0148 plnohodnotn\u00e9ho filatelistick\u00e9ho materi\u00e1lu a maj\u00ed sv\u016fj v\u00fdznam jak v&nbsp;samostatn\u00fdch ryze perfin\u00e1\u0159sk\u00fdch expon\u00e1tech, ale jako velmi vhodn\u00fd materi\u00e1l i v&nbsp;dal\u0161\u00edch v\u00fdstavn\u00edch t\u0159\u00edd\u00e1ch \u2013 ve t\u0159\u00edd\u011b tradi\u010dn\u00ed filatelie, tematick\u00e9 filatelie, po\u0161tovn\u00ed historie.<\/p>\n","protected":false},"excerpt":{"rendered":"<p>P\u0159edseda:&nbsp;RNDr. Franti\u0161ek Straka, e\u2013mail: s.traka@volny.czM\u00edstop\u0159edseda:&nbsp;Vladim\u00edr M\u00fcnzberger, e-mail: jav.munz@volny.czPokladn\u00edk:&nbsp;PhMr. Vladislav Bene\u0161, benes.vlada@post.czWebov\u00e9 str\u00e1nky:&nbsp;http:\/\/perfin.cz Odborn\u00e1 spole\u010dnost sb\u011bratel\u016f perfin\u016f se zab\u00fdv\u00e1 sb\u00edr\u00e1n\u00edm, studiem, katalogizac\u00ed a propagac\u00ed perfin\u016f, zejm\u00e9na firemn\u00edch. Term\u00ednem perfin rozum\u00edme d\u00edrkov\u00e1n\u00ed po\u0161tovn\u00edch a fisk\u00e1ln\u00edch cenin, formul\u00e1\u0159\u016f a jin\u00fdch doklad\u016f, kter\u00e9 bylo pou\u017e\u00edv\u00e1no jako ochrann\u00e9 opat\u0159en\u00ed p\u0159ed jejich zcizov\u00e1n\u00edm a zneu\u017e\u00edv\u00e1n\u00edm, a to obvykle ve firm\u00e1ch. Toto opat\u0159en\u00ed schv\u00e1len\u00e9 po\u0161tovn\u00ed spr\u00e1vou bylo nejprve v&nbsp;roce 1868 zavedeno ve Velk\u00e9 Brit\u00e1nii, odkud se postupn\u011b roz\u0161\u00ed\u0159ilo do cel\u00e9ho sv\u011bta. B\u00fdval\u00e1 Rakousko-Uhersk\u00e1 po\u0161tovn\u00ed spr\u00e1va je uznala v&nbsp;roce 1877. Pr\u016fkopn\u00edkem sb\u00edr\u00e1n\u00ed perfin\u016f u n\u00e1s byl zn\u00e1m\u00fd pra\u017esk\u00fd filatelista, dnes ji\u017e zesnul\u00fd Vojt\u011bch Maxa. N\u011bkdy zjara roku 1971 uve\u0159ejnil prvn\u00ed \u010dl\u00e1nek o perfinech v \u010dasopisu Filatelie. B\u011bhem pom\u011brn\u011b kr\u00e1tk\u00e9 doby ho kontaktovala \u0159ada filatelist\u016f, kte\u0159\u00ed mu p\u0159ed\u00e1vali svoje poznatky a poskytovali mu materi\u00e1l k dal\u0161\u00edmu studiu. V\u00fdsledkem bylo prvn\u00ed vyd\u00e1n\u00ed Katalogu perfin\u016f z \u00fazem\u00ed \u010ceskoslovenska, kter\u00e9 vy\u0161lo \u2013 kupodivu \u2013 ne v Praze, ale na Slovensku, v tehdej\u0161\u00edm KF Hlohovec. D\u00e1le se aktivita rozv\u00edjela v oblasti publika\u010dn\u00ed \u2013 V. Maxa za\u010dal v \u010dervnu 1974 vyd\u00e1vat pravideln\u011b zpravodaj Perfiny. Prvn\u00ed 3 ro\u010dn\u00edky (1974 \u2013 1976) byly ve form\u00e1tu A4, zpravidla 2, pozd\u011bji 2\u20133 strany v 1 \u010d\u00edslu. Od roku 1977 byl zpravodaj ve form\u00e1tu A5, kter\u00fd z\u016fstal zachov\u00e1n a\u017e do sou\u010dasnosti. K tomu je nutno dodat, \u017ee zpravodaj byl sice rozsahem nevelk\u00fd, v n\u00e1sleduj\u00edc\u00edm obdob\u00ed maxim\u00e1ln\u011b 8 stran A5, zato vych\u00e1zel 10x ro\u010dn\u011b. Od roku 1991 do roku 1998 nastala ve vydavatelsk\u00e9 \u010dinnosti pauza a vyd\u00e1v\u00e1n\u00ed zpravodaje bylo obnoveno v r. 1998. V obdob\u00ed 1998 \u2013 2002 vych\u00e1zely 3 \u010d\u00edsla ro\u010dn\u011b, od roku 2003 pravideln\u011b vych\u00e1zej\u00ed 4 \u010d\u00edsla ro\u010dn\u011b. Od roku 2004 pak zpravodaj vyd\u00e1v\u00e1 spole\u010dn\u011b \u010desk\u00e1 sekce (od r. 2005 Spole\u010dnost) sb\u011bratel\u016f perfin\u016f a slovensk\u00e1 Skupina zberatelov perfinov, v rozsahu 24 \u2013 36 stran. Posledn\u00ed vydan\u00e9 \u010d\u00edslo (4\/2022) je v po\u0159ad\u00ed ji\u017e 222. V roce 2023 vstoup\u00ed zpravodaj PERFINY do 44. ro\u010dn\u00edku. Sou\u010dasn\u00e1 Spole\u010dnost sb\u011bratel\u016f perfin\u016f vznikala v pr\u016fb\u011bhu roku 1974 soub\u011b\u017en\u011b s vyd\u00e1v\u00e1n\u00edm zpravodaje. Do konce roku 1974 se za odb\u011bratele p\u0159ihl\u00e1silo okolo 100 sb\u011bratel\u016f z cel\u00e9 republiky a zn\u00e1m\u00fd pra\u017esk\u00fd klub KF 00\u201365 Kovoprojekta poskytl vznikaj\u00edc\u00ed skupin\u011b \u00fato\u010di\u0161t\u011b. Pod hlavi\u010dkou tohoto klubu pak skupina p\u016fsobila dlouhou \u0159adu let. Tomuto klubu a podpo\u0159e, kterou skupin\u011b poskytoval, pak m\u016f\u017eeme vd\u011b\u010dit za to, \u017ee se v roce 1978 poda\u0159ilo uskute\u010dnit prvn\u00ed propaga\u010dn\u00ed v\u00fdstavu pouze perfin\u016f. Bohu\u017eel, byla na dlouhou dobu jedin\u00e1. A\u017e v roce 2004, ke 30. v\u00fdro\u010d\u00ed vyd\u00e1v\u00e1n\u00ed zpravodaje byla uspo\u0159\u00e1d\u00e1na dal\u0161\u00ed propaga\u010dn\u00ed v\u00fdstava, kter\u00e9 se z\u00fa\u010dastnilo 7 \u010dlen\u016f \u010desk\u00e9 sekce a 3 \u010dlenov\u00e9 ze slovensk\u00e9 skupiny. Po\u010det \u010dlen\u016f Spole\u010dnosti kol\u00edsal a byly doby (p\u0159ed rokem 1989), kdy m\u011bla i p\u0159es 200 \u010dlen\u016f. Na stav \u010dlensk\u00e9 z\u00e1kladny m\u011blo vliv mj. i rozd\u011blen\u00ed b\u00fdval\u00e9 republiky, po\u010det \u010dlen\u016f klesl. V letech 1991 \u2013 1998 skupina t\u00e9m\u011b\u0159 zanikla, p\u0159esn\u011bji \u0159e\u010deno nevykazovala \u017e\u00e1dnou \u010dinnost. A\u017e v roce 1998 byla \u010dinnost obnovena a po\u010det \u010dlen\u016f se od t\u00e9 doby ust\u00e1lil. Nyn\u00ed m\u00e1 Spole\u010dnost 67 \u010dlen\u016f, z&nbsp;toho je 6 sb\u011bratel\u016f z&nbsp;USA a 1 z N\u011bmecka. Za dobu trv\u00e1n\u00ed skupiny byla p\u0159ipravena a vyd\u00e1na \u0159ada katalog\u016f perfin\u016f formou p\u0159\u00edloh k zpravodaji: jejich autorem byl nejprve ji\u017e vzpomenut\u00fd Vojt\u011bch Maxa, pozd\u011bji p\u0159ibyli i dal\u0161\u00ed spoluauto\u0159i, nap\u0159. Ladislav Jane\u010dek, V\u00e1clav Fejtek a \u0159ada spolupracovn\u00edk\u016f. Byly to p\u0159edn\u011b katalogy perfin\u016f z \u00fazem\u00ed \u010ceskoslovenska, d\u00e1le katalogy perfin\u016f Rakouska, Ma\u010farska, Rumunska, Jugosl\u00e1vie, Bulharska, \u0158ecka, Polska a n\u011bkter\u00fdch dal\u0161\u00edch zem\u00ed. V sou\u010dasnosti m\u00e1 V. Maxa d\u016fstojn\u00e9 pokra\u010dovatele, kte\u0159\u00ed p\u0159ipravuj\u00ed dopln\u011bn\u00e9 a opraven\u00e9 vyd\u00e1n\u00ed katalogu perfin\u016f Rakouska a pak bude n\u00e1sledovat dopln\u011bn\u00e9 a opraven\u00e9 vyd\u00e1n\u00ed katalogu perfin\u016f z \u00fazem\u00ed \u010cSR. Perfiny na\u0161ly cestu i do katalog\u016f vyd\u00e1van\u00fdch Pofisem. V roce 2013 to byl Protektor\u00e1t \u010cechy a Morava, na za\u010d\u00e1tku roku 2015 \u010ceskoslovensko 1945 \u2013 1992. V obou kataloz\u00edch jsou kapitoly v\u011bnovan\u00e9 perfin\u016fm. Nejnov\u011bj\u0161\u00edm po\u010dinem Pofisu je vyd\u00e1n\u00ed Monografie \u010d.24 autor\u016f Vladim\u00edra M\u00fcnzbergera a Old\u0159icha \u0160pre\u0148ara Katalog perfin\u016f z&nbsp;\u00fazem\u00ed \u010ceskoslovenska. V sou\u010dasn\u00e9 dob\u011b veden\u00ed Spole\u010dnosti krom\u011b vyd\u00e1v\u00e1n\u00ed zpravodaje organizuje pro \u010dleny pravideln\u00e1 setk\u00e1n\u00ed 2 x ro\u010dn\u011b, na ja\u0159e a na podzim, Tato pravidelnost byla naru\u0161ena v&nbsp;roce 2020, kdy se setk\u00e1n\u00ed neuskute\u010dnila kv\u016fli pandemii covidu a 2021, kdy se perfin\u00e1\u0159i se\u0161li a\u017e na podzim. V&nbsp;letech 1915, 1917 a 1919 se ve slovensk\u00e9m \u0160t\u00farovu uskute\u010dnila trojstrann\u00e1 setk\u00e1n\u00ed perfin\u00e1\u0159\u016f ze Slovenska (po\u0159adatel\u00e9), \u010ceska a Ma\u010farska. Dal\u0161\u00ed aktivitou je po\u0159\u00e1d\u00e1n\u00ed aukc\u00ed z nab\u00eddek na\u0161ich \u010dlen\u016f. V minulosti b\u00fdvaly sou\u010d\u00e1st\u00ed setk\u00e1n\u00ed, n\u011bkdy byly uspo\u0159\u00e1d\u00e1ny jako p\u00edsemn\u00e9. Po rozd\u011blen\u00ed v roce 1993 z\u016fstala na Slovensku \u010d\u00e1st \u010dlen\u016f, kte\u0159\u00ed si vytvo\u0159ili vlastn\u00ed skupinu sb\u011bratel\u016f perfin\u016f. B\u011bhem roku 2003 se se\u0161la veden\u00ed jak z \u010desk\u00e9, tak ze slovensk\u00e9 strany a byla dohodnuta spolupr\u00e1ce p\u0159i vyd\u00e1v\u00e1n\u00ed zpravodaje. Od roku 2004 vych\u00e1zej\u00ed pravideln\u011b 4 \u010d\u00edsla ro\u010dn\u011b. 2 \u010d\u00edsla p\u0159ipravuje \u010desk\u00e1 redakce, 2 \u010d\u00edsla slovensk\u00e1 redakce a tato spolupr\u00e1ce pokra\u010duje, ji\u017e brzy to bude 20 let. Dal\u0161\u00ed v\u00fdznamnou aktivitou Spole\u010dnosti jsou vlastn\u00ed webov\u00e9 str\u00e1nky&nbsp;perfin.cz. Maj\u00ed \u010d\u00e1st ve\u0159ejnou, p\u0159\u00edstupnou pro v\u0161echny z\u00e1jemce a \u010d\u00e1st uzav\u0159enou, p\u0159\u00edstupnou pouze \u010dlen\u016fm. Ji\u017e n\u011bkolik let vznikaj\u00ed i expon\u00e1ty perfin\u016f, kter\u00e9 vytvo\u0159ili na\u0161i \u010dlenov\u00e9. P\u0159ev\u00e1\u017en\u011b jsou jednor\u00e1mov\u00e9, kter\u00e9 postupn\u011b z\u00edskaly kvalifikaci i k vystavov\u00e1n\u00ed na mezin\u00e1rodn\u00ed \u00farovni, kde dosahovaly velmi dobr\u00fdch ocen\u011bn\u00ed. Dnes m\u00e1me i expon\u00e1ty p\u011btir\u00e1mov\u00e9 a dokonce jeden osmir\u00e1mov\u00fd. P\u0159ehled vzpomenut\u00fdch expon\u00e1t\u016f je na&nbsp;EXPONETu&nbsp;v samostatn\u00e9 sekci Perfiny, kde jsou krom\u011b expon\u00e1t\u016f na\u0161ich vystavovatel\u016f i expon\u00e1ty zahrani\u010dn\u00edch vystavovatel\u016f. Perfiny se od zavrhovan\u00fdch popelek filatelie dostaly na \u00farove\u0148 plnohodnotn\u00e9ho filatelistick\u00e9ho materi\u00e1lu a maj\u00ed sv\u016fj v\u00fdznam jak v&nbsp;samostatn\u00fdch ryze perfin\u00e1\u0159sk\u00fdch expon\u00e1tech, ale jako velmi vhodn\u00fd materi\u00e1l i v&nbsp;dal\u0161\u00edch v\u00fdstavn\u00edch t\u0159\u00edd\u00e1ch \u2013 ve t\u0159\u00edd\u011b tradi\u010dn\u00ed filatelie, tematick\u00e9 filatelie, po\u0161tovn\u00ed historie.<\/p>\n","protected":false},"author":3,"featured_media":0,"parent":0,"menu_order":0,"comment_status":"closed","ping_status":"closed","template":"","meta":{"footnotes":""},"class_list":["post-217","page","type-page","status-publish","hentry"],"_links":{"self":[{"href":"https:\/\/svazfilatelistu.cz\/index.php?rest_route=\/wp\/v2\/pages\/217","targetHints":{"allow":["GET"]}}],"collection":[{"href":"https:\/\/svazfilatelistu.cz\/index.php?rest_route=\/wp\/v2\/pages"}],"about":[{"href":"https:\/\/svazfilatelistu.cz\/index.php?rest_route=\/wp\/v2\/types\/page"}],"author":[{"embeddable":true,"href":"https:\/\/svazfilatelistu.cz\/index.php?rest_route=\/wp\/v2\/users\/3"}],"replies":[{"embeddable":true,"href":"https:\/\/svazfilatelistu.cz\/index.php?rest_route=%2Fwp%2Fv2%2Fcomments&post=217"}],"version-history":[{"count":7,"href":"https:\/\/svazfilatelistu.cz\/index.php?rest_route=\/wp\/v2\/pages\/217\/revisions"}],"predecessor-version":[{"id":874,"href":"https:\/\/svazfilatelistu.cz\/index.php?rest_route=\/wp\/v2\/pages\/217\/revisions\/874"}],"wp:attachment":[{"href":"https:\/\/svazfilatelistu.cz\/index.php?rest_route=%2Fwp%2Fv2%2Fmedia&parent=217"}],"curies":[{"name":"wp","href":"https:\/\/api.w.org\/{rel}","templated":true}]}}