{"id":219,"date":"2023-09-21T08:01:34","date_gmt":"2023-09-21T06:01:34","guid":{"rendered":"https:\/\/pepa.filaso.cz\/?page_id=219"},"modified":"2024-03-19T21:22:36","modified_gmt":"2024-03-19T20:22:36","slug":"spolecnost-sberatelu-ceskoslovenske-znamky","status":"publish","type":"page","link":"https:\/\/svazfilatelistu.cz\/?page_id=219","title":{"rendered":"Spole\u010dnost sb\u011bratel\u016f \u010deskoslovensk\u00e9 zn\u00e1mky"},"content":{"rendered":"\n<p><\/p>\n\n\n\n<p>Spole\u010dnost sb\u011bratel\u016f \u010deskoslovensk\u00e9 zn\u00e1mky je nejv\u011bt\u0161\u00ed odbornou spole\u010dnost\u00ed Svazu \u010desk\u00fdch filatelist\u016f, m\u00e1me p\u0159es 280 \u010dlen\u016f v \u010cesku, Slovensku, N\u011bmecku, Belgii, Rakousku, D\u00e1nsku, Kanad\u011b a USA. C\u00edlem spole\u010dnosti je poskytnout co nejd\u0159\u00edve \u010dlen\u016fm spole\u010dnosti nejnov\u011bj\u0161\u00ed poznatky o zn\u00e1mk\u00e1ch \u010ceskoslovenska a \u010cR. Po\u0159\u00e1dat pravideln\u00e1 setk\u00e1n\u00ed \u010dlen\u016f spole\u010dnosti a sdru\u017eovat v\u0161echny z\u00e1jemce o specializovan\u00e9 sb\u00edr\u00e1n\u00ed \u010deskoslovensk\u00fdch a \u010desk\u00fdch zn\u00e1mek. <\/p>\n\n\n\n<p>Spole\u010dnost vyd\u00e1v\u00e1 pravideln\u011b Zpravodaj, jeho\u017e editorem je Josef Fronc.<\/p>\n\n\n\n<p>Kontakty a aktu\u00e1ln\u00ed informace naleznete na na\u0161em webu: <a href=\"http:\/\/www.ceskaznamka.cz\/\" target=\"_blank\" rel=\"noreferrer noopener\">www.ceskaznamka.cz<\/a><\/p>\n\n\n\n<p><\/p>\n","protected":false},"excerpt":{"rendered":"<p>Spole\u010dnost sb\u011bratel\u016f \u010deskoslovensk\u00e9 zn\u00e1mky je nejv\u011bt\u0161\u00ed odbornou spole\u010dnost\u00ed Svazu \u010desk\u00fdch filatelist\u016f, m\u00e1me p\u0159es 280 \u010dlen\u016f v \u010cesku, Slovensku, N\u011bmecku, Belgii, Rakousku, D\u00e1nsku, Kanad\u011b a USA. C\u00edlem spole\u010dnosti je poskytnout co nejd\u0159\u00edve \u010dlen\u016fm spole\u010dnosti nejnov\u011bj\u0161\u00ed poznatky o zn\u00e1mk\u00e1ch \u010ceskoslovenska a \u010cR. Po\u0159\u00e1dat pravideln\u00e1 setk\u00e1n\u00ed \u010dlen\u016f spole\u010dnosti a sdru\u017eovat v\u0161echny z\u00e1jemce o specializovan\u00e9 sb\u00edr\u00e1n\u00ed \u010deskoslovensk\u00fdch a \u010desk\u00fdch zn\u00e1mek. Spole\u010dnost vyd\u00e1v\u00e1 pravideln\u011b Zpravodaj, jeho\u017e editorem je Josef Fronc. Kontakty a aktu\u00e1ln\u00ed informace naleznete na na\u0161em webu: www.ceskaznamka.cz<\/p>\n","protected":false},"author":3,"featured_media":0,"parent":0,"menu_order":0,"comment_status":"closed","ping_status":"closed","template":"","meta":{"footnotes":""},"class_list":["post-219","page","type-page","status-publish","hentry"],"_links":{"self":[{"href":"https:\/\/svazfilatelistu.cz\/index.php?rest_route=\/wp\/v2\/pages\/219","targetHints":{"allow":["GET"]}}],"collection":[{"href":"https:\/\/svazfilatelistu.cz\/index.php?rest_route=\/wp\/v2\/pages"}],"about":[{"href":"https:\/\/svazfilatelistu.cz\/index.php?rest_route=\/wp\/v2\/types\/page"}],"author":[{"embeddable":true,"href":"https:\/\/svazfilatelistu.cz\/index.php?rest_route=\/wp\/v2\/users\/3"}],"replies":[{"embeddable":true,"href":"https:\/\/svazfilatelistu.cz\/index.php?rest_route=%2Fwp%2Fv2%2Fcomments&post=219"}],"version-history":[{"count":2,"href":"https:\/\/svazfilatelistu.cz\/index.php?rest_route=\/wp\/v2\/pages\/219\/revisions"}],"predecessor-version":[{"id":495,"href":"https:\/\/svazfilatelistu.cz\/index.php?rest_route=\/wp\/v2\/pages\/219\/revisions\/495"}],"wp:attachment":[{"href":"https:\/\/svazfilatelistu.cz\/index.php?rest_route=%2Fwp%2Fv2%2Fmedia&parent=219"}],"curies":[{"name":"wp","href":"https:\/\/api.w.org\/{rel}","templated":true}]}}