{"id":77,"date":"2023-08-01T12:43:01","date_gmt":"2023-08-01T10:43:01","guid":{"rendered":"https:\/\/pepa.filaso.cz\/?page_id=77"},"modified":"2026-03-11T19:46:26","modified_gmt":"2026-03-11T18:46:26","slug":"seznam-klubu-filatelistu","status":"publish","type":"page","link":"https:\/\/svazfilatelistu.cz\/?page_id=77","title":{"rendered":"Seznam klubu filatelist\u016f"},"content":{"rendered":"\n<p>N\u00ed\u017ee naleznete seznam jednotliv\u00fdch klub\u016f filatelist\u016f \u010dlen\u011bn\u00fd podle kraj\u016f.<\/p>\n\n\n\n<h2 class=\"wp-block-heading has-text-align-center\" id=\"Praha\">Praha<\/h2>\n\n\n\n<p>KF 00-01 Praha<\/p>\n\n\n\n<p>KF 00-06 Praha<\/p>\n\n\n\n<p>KF 00-10 Praha, pobo\u010dn\u00fd spolek<\/p>\n\n\n\n<p><a href=\"http:\/\/www.kf0015.cz\/\" target=\"_blank\" rel=\"noreferrer noopener\">KF 00-15 Praha, pobo\u010dn\u00fd spolek<\/a>;&nbsp;<a href=\"mailto:kf0015@centrum.cz\">kf0015@centrum.cz<\/a><\/p>\n\n\n\n<p>KF 00-42 Praha<\/p>\n\n\n\n<p>KF 00-46 Praha<\/p>\n\n\n\n<p>KF 00-65 Praha<\/p>\n\n\n\n<p>KF 00-123 Praha<\/p>\n\n\n\n<p>KF 00-147 Praha<\/p>\n\n\n\n<p><\/p>\n\n\n\n<h2 class=\"wp-block-heading has-text-align-center\" id=\"Jiho\u010desk\u00fd-kraj\"><strong>Jiho\u010desk\u00fd kraj<\/strong><\/h2>\n\n\n\n<p><strong>\u010cesk\u00e9 Bud\u011bjovice<\/strong><\/p>\n\n\n\n<p>KF 02-29 Ledenice<\/p>\n\n\n\n<p>KF 02-38 Li\u0161ov<\/p>\n\n\n\n<p>KF 02-27 Trhov\u00e9 Sviny<\/p>\n\n\n\n<p><strong>\u010cesk\u00fd Krumlov<\/strong><\/p>\n\n\n\n<p>KF 02-07 Vele\u0161\u00edn;&nbsp;e-mail: <a href=\"mailto:kf02-07velesin@post.cz\">kf02-07velesin@post.cz<\/a><\/p>\n\n\n\n<p><strong>Jind\u0159ich\u016fv Hradec<\/strong><\/p>\n\n\n\n<p>KF 02-48 Da\u010dice<\/p>\n\n\n\n<p>KF 02-04 Jind\u0159ich\u016fv Hradec<\/p>\n\n\n\n<p><strong>P\u00edsek<\/strong><\/p>\n\n\n\n<p>KF 02-23 P\u00edsek<\/p>\n\n\n\n<p>KF 02-49 Putim<\/p>\n\n\n\n<p><strong>Prachatice<\/strong><\/p>\n\n\n\n<p>KF 02-14 Vimperk;&nbsp;e-mail: <a href=\"mailto:kf02-14vimperk@post.cz\">kf02-14vimperk@post.cz<\/a><\/p>\n\n\n\n<p><strong>Strakonice<\/strong><\/p>\n\n\n\n<p>KF 02-21 Blatn\u00e1<\/p>\n\n\n\n<p>KF 02-02 Strakonice<\/p>\n\n\n\n<p>KF 02-33 Vod\u0148any<\/p>\n\n\n\n<p><strong>T\u00e1bor<\/strong><\/p>\n\n\n\n<p>KF 02-25 Bechyn\u011b<\/p>\n\n\n\n<p>KF 02-03 T\u00e1bor<\/p>\n\n\n\n<p><\/p>\n\n\n\n<p><\/p>\n\n\n\n<h2 class=\"wp-block-heading has-text-align-center\"><strong>Jihomoravsk\u00fd kraj<\/strong><\/h2>\n\n\n\n<p><strong>Blansko<\/strong><\/p>\n\n\n\n<p>KF 06-49 Boskovice<\/p>\n\n\n\n<p>KF 06-80 Velk\u00e9 Opatovice<\/p>\n\n\n\n<p><strong>Brno-m\u011bsto<\/strong><\/p>\n\n\n\n<p>KF 06-01 Brno<\/p>\n\n\n\n<p><a href=\"http:\/\/www.filabrno.net\/\" target=\"_blank\" rel=\"noreferrer noopener\">KF 06-22 Brno, pobo\u010dn\u00fd spolek<\/a><\/p>\n\n\n\n<p><strong>Brno-venkov<\/strong><\/p>\n\n\n\n<p>KF 06-39 Ivan\u010dice<\/p>\n\n\n\n<p>KF 06-23 Ti\u0161nov<\/p>\n\n\n\n<p><strong>B\u0159eclav<\/strong><\/p>\n\n\n\n<p>KF 06-45 B\u0159eclav<\/p>\n\n\n\n<p><strong>Hodon\u00edn<\/strong><\/p>\n\n\n\n<p>KF 06-44 Hodon\u00edn<\/p>\n\n\n\n<p>KF 06-20 Kyjov<\/p>\n\n\n\n<p>KF 06-86 Velk\u00e1 nad Veli\u010dkou<\/p>\n\n\n\n<p><strong>Vy\u0161kov<\/strong><\/p>\n\n\n\n<p>KF 06-30 Rous\u00ednov<\/p>\n\n\n\n<p><strong>Znojmo<\/strong><\/p>\n\n\n\n<p>KF 06-59 Moravsk\u00fd Krumlov<\/p>\n\n\n\n<p>KF 06-24 Znojmo<\/p>\n\n\n\n<p><\/p>\n\n\n\n<h2 class=\"wp-block-heading has-text-align-center\"><strong>Karlovarsk\u00fd kraj<\/strong><\/h2>\n\n\n\n<p><strong>Karlovy Vary<\/strong><\/p>\n\n\n\n<p>KF 03-45 Chodov; e-mail: <a href=\"http:\/\/informace-scf.cz\/kluby\/kf-03-45chodov@post.cz\">kf-03-45chodov@post.cz<\/a><\/p>\n\n\n\n<p><strong>Sokolov<\/strong><\/p>\n\n\n\n<p>KF 03-39 Horn\u00ed Slavkov<\/p>\n\n\n\n<p>KF 03-20 Kraslice<\/p>\n\n\n\n<p>KF 03-08 Sokolov<\/p>\n\n\n\n<p><\/p>\n\n\n\n<h2 class=\"wp-block-heading has-text-align-center\"><strong>Kraj Vyso\u010dina<\/strong><\/h2>\n\n\n\n<p><strong>Havl\u00ed\u010dk\u016fv Brod<\/strong><\/p>\n\n\n\n<p>KF 05-36 Chot\u011bbo\u0159<\/p>\n\n\n\n<p>KF 05-44 Krucemburk<\/p>\n\n\n\n<p><strong>Jihlava<\/strong><\/p>\n\n\n\n<p><a href=\"http:\/\/kfjihlava.cz\" target=\"_blank\" rel=\"noreferrer noopener\">KF 06-40 \u201eVyso\u010dina\u201c Jihlava<\/a><\/p>\n\n\n\n<p>KF 06-29 Tel\u010d<\/p>\n\n\n\n<p><strong>Pelh\u0159imov<\/strong><\/p>\n\n\n\n<p>KF 02-15 Pelh\u0159imov<\/p>\n\n\n\n<p><strong>T\u0159eb\u00ed\u010d<\/strong><\/p>\n\n\n\n<p>KF 06-36 Moravsk\u00e9 Bud\u011bjovice<\/p>\n\n\n\n<p>KF 06-03 T\u0159eb\u00ed\u010d<\/p>\n\n\n\n<p><strong>\u017d\u010f\u00e1r nad S\u00e1zavou<\/strong><\/p>\n\n\n\n<p>KF 06-53 Svratka<\/p>\n\n\n\n<p>KF 06-09 Velk\u00e9 Mezi\u0159\u00ed\u010d\u00ed<\/p>\n\n\n\n<p><\/p>\n\n\n\n<h2 class=\"wp-block-heading has-text-align-center\"><strong>Kr\u00e1lov\u00e9hradeck\u00fd kraj<\/strong><\/h2>\n\n\n\n<p><strong>Hradec Kr\u00e1lov\u00e9<\/strong><\/p>\n\n\n\n<p>KF 05-22A Hradec Kr\u00e1lov\u00e9<\/p>\n\n\n\n<p>KF 05-23 Chlumec nad Cidlinou<\/p>\n\n\n\n<p>KF 05-83 Nechanice<\/p>\n\n\n\n<p>KF 05-85 Nov\u00fd Byd\u017eov<\/p>\n\n\n\n<p>KF 05-21 T\u0159ebechovice pod Orebem<\/p>\n\n\n\n<p><strong>Ji\u010d\u00edn<\/strong><\/p>\n\n\n\n<p>KF 05-33 Ho\u0159ice<\/p>\n\n\n\n<p>KF 05-54 L\u00e1zn\u011b B\u011blohrad<\/p>\n\n\n\n<p>KF 05-86 Nov\u00e1 Paka<\/p>\n\n\n\n<p><strong>N\u00e1chod<\/strong><\/p>\n\n\n\n<p>KF 05-99 \u010cesk\u00e1 Skalice<\/p>\n\n\n\n<p>KF 05-39 Jarom\u011b\u0159<\/p>\n\n\n\n<p>KF 05-53 Mezim\u011bst\u00ed<\/p>\n\n\n\n<p>KF 05-10 N\u00e1chod<\/p>\n\n\n\n<p><strong>Rychnov nad Kn\u011b\u017enou<\/strong><\/p>\n\n\n\n<p>KF 05-31 Dobru\u0161ka<\/p>\n\n\n\n<p>KF 05-42 Kostelec nad Orlic\u00ed<\/p>\n\n\n\n<p>KF 05-18 Rokytnice v Orlick\u00fdch hor\u00e1ch<\/p>\n\n\n\n<p>KF 05-12 Rychnov nad Kn\u011b\u017enou<\/p>\n\n\n\n<p>KF 05-71 Vamberk<\/p>\n\n\n\n<p><strong>Trutnov<\/strong><\/p>\n\n\n\n<p>KF 05-02 Dv\u016fr Kr\u00e1lov\u00e9<\/p>\n\n\n\n<p><a href=\"http:\/\/www.filatelisti-trutnov.cz\/\" target=\"_blank\" rel=\"noreferrer noopener\">KF 05-76 Trutnov, pobo\u010dn\u00fd spolek<\/a><\/p>\n\n\n\n<p>KF 05-74 \u00dapice<\/p>\n\n\n\n<p>KF 05-72 Vrchlab\u00ed<\/p>\n\n\n\n<p><\/p>\n\n\n\n<h2 class=\"wp-block-heading has-text-align-center\"><strong>Libereck\u00fd kraj<\/strong><\/h2>\n\n\n\n<p><strong>\u010cesk\u00e1 L\u00edpa<\/strong><\/p>\n\n\n\n<p>KF 04-07 \u010cesk\u00e1 L\u00edpa<\/p>\n\n\n\n<p>KF 04-27 Doksy<\/p>\n\n\n\n<p>KF 04-39 Mimo\u0148<\/p>\n\n\n\n<p><strong>Jablonec nad Nisou<\/strong><\/p>\n\n\n\n<p>KF 04-16 Jablonec nad Nisou<\/p>\n\n\n\n<p><strong>Liberec<\/strong><\/p>\n\n\n\n<p>KF 04-88 Hr\u00e1dek nad Nisou<\/p>\n\n\n\n<p><a href=\"https:\/\/www.filatelie-liberec.cz\/\" target=\"_blank\" rel=\"noreferrer noopener\">KF 04-01 Liberec<\/a><\/p>\n\n\n\n<p>KF 04-77 Nov\u00e9 M\u011bsto pod Smrkem<\/p>\n\n\n\n<p><strong>Semily<\/strong><\/p>\n\n\n\n<p>KF 05-41 Jilemnice<\/p>\n\n\n\n<p>KF 05-92 Rovensko pod Troskami<\/p>\n\n\n\n<p>KF 05-13 Turnov<\/p>\n\n\n\n<p><\/p>\n\n\n\n<h2 class=\"wp-block-heading has-text-align-center\"><strong>Moravskoslezsk\u00fd kraj<\/strong><\/h2>\n\n\n\n<p><strong>Brunt\u00e1l<\/strong><\/p>\n\n\n\n<p>KF 07-76 B\u0159idli\u010dn\u00e1<\/p>\n\n\n\n<p>KF 07-03 Krnov<\/p>\n\n\n\n<p><strong>Fr\u00fddek-M\u00edstek<\/strong><\/p>\n\n\n\n<p>KF 07-09 Fr\u00fddek-M\u00edstek<\/p>\n\n\n\n<p>KF 07-07 T\u0159inec<\/p>\n\n\n\n<p><strong>Karvin\u00e1<\/strong><\/p>\n\n\n\n<p>KF 07-05 Hav\u00ed\u0159ov<\/p>\n\n\n\n<p>KF 07-26 Orlov\u00e1<\/p>\n\n\n\n<p><strong>Nov\u00fd Ji\u010d\u00edn<\/strong><\/p>\n\n\n\n<p>KF 07-15 Fren\u0161t\u00e1t<\/p>\n\n\n\n<p>KF 07-51 Kop\u0159ivnice<\/p>\n\n\n\n<p>KF 07-32 Stud\u00e9nka<\/p>\n\n\n\n<p><strong>Opava<\/strong><\/p>\n\n\n\n<p>KF 07-16 Opava<\/p>\n\n\n\n<p><strong>Ostrava-m\u011bsto<\/strong><\/p>\n\n\n\n<p><a href=\"http:\/\/filateliste-ostrava.wz.cz\/\" target=\"_blank\" rel=\"noreferrer noopener\">KF 07-23 Ostrava<\/a> <\/p>\n\n\n\n<p>KF 07-35 Ostrava; e-mail:&nbsp;<a href=\"mailto:KF07-35.ostravajih@post.cz\">KF07-35.ostravajih@post.cz<\/a><\/p>\n\n\n\n<p><\/p>\n\n\n\n<h2 class=\"wp-block-heading has-text-align-center\"><strong>Olomouck\u00fd kraj<\/strong><\/h2>\n\n\n\n<p><strong>Jesen\u00edk<\/strong><\/p>\n\n\n\n<p>KF 07-60 Javorn\u00edk<\/p>\n\n\n\n<p>KF 07-06 Jesen\u00edk<\/p>\n\n\n\n<p><strong>Olomouc<\/strong><\/p>\n\n\n\n<p>KF 07-55 Lut\u00edn<\/p>\n\n\n\n<p>KF 07-02 Olomouc<\/p>\n\n\n\n<p><strong>Prost\u011bjov<\/strong><\/p>\n\n\n\n<p>KF 06-18 Prost\u011bjov<\/p>\n\n\n\n<p><strong>P\u0159erov<\/strong><\/p>\n\n\n\n<p>KF 07-19 Hranice<\/p>\n\n\n\n<p>KF 07-90 Milotice nad Be\u010dvou<\/p>\n\n\n\n<p>KF 07-18 P\u0159erov<\/p>\n\n\n\n<p><strong>\u0160umperk<\/strong><\/p>\n\n\n\n<p>KF 07-43 Lo\u0161tice<\/p>\n\n\n\n<p>KF 07-41 Mohelnice<\/p>\n\n\n\n<p>KF 07-04 \u0160umperk<\/p>\n\n\n\n<p>KF 07-08 Z\u00e1b\u0159eh<\/p>\n\n\n\n<p><\/p>\n\n\n\n<h2 class=\"wp-block-heading has-text-align-center\"><strong>Pardubick\u00fd kraj<\/strong><\/h2>\n\n\n\n<p><strong>Chrudim<\/strong><\/p>\n\n\n\n<p>KF 05-24 He\u0159man\u016fv M\u011bstec<\/p>\n\n\n\n<p>KF 05-50 Hlinsko<\/p>\n\n\n\n<p>KF 05-89 Skute\u010d<\/p>\n\n\n\n<p><strong>Pardubice<\/strong><\/p>\n\n\n\n<p>KF 05-55 Chvaletice<\/p>\n\n\n\n<p>KF 05-82 P\u0159elou\u010d<\/p>\n\n\n\n<p><strong>Svitavy<\/strong><\/p>\n\n\n\n<p>KF 05-26 Poli\u010dka<\/p>\n\n\n\n<p>KF 05-78 Svitavy<\/p>\n\n\n\n<p><strong>\u00dast\u00ed nad Orlic\u00ed<\/strong><\/p>\n\n\n\n<p>KF 05-07 \u010cesk\u00e1 T\u0159ebov\u00e1<\/p>\n\n\n\n<p>KF 05-115 Doln\u00ed \u010cermn\u00e1<\/p>\n\n\n\n<p>KF 05-27 Lan\u0161kroun<\/p>\n\n\n\n<p>KF 05-45 Letohrad<\/p>\n\n\n\n<p>KF 05-75 \u00dast\u00ed nad Orlic\u00ed<\/p>\n\n\n\n<p>KF 05-11 Vysok\u00e9 M\u00fdto<\/p>\n\n\n\n<p>KF 05-70 \u017damberk<\/p>\n\n\n\n<p><\/p>\n\n\n\n<h2 class=\"wp-block-heading has-text-align-center\"><strong>Plze\u0148sk\u00fd kraj<\/strong><\/h2>\n\n\n\n<p><strong>Doma\u017elice<\/strong><\/p>\n\n\n\n<p>KF 03-01 Doma\u017elice<\/p>\n\n\n\n<p><strong>Klatovy<\/strong><\/p>\n\n\n\n<p>KF 03-06 Klatovy<\/p>\n\n\n\n<p>KF 03-35 N\u00fdrsko<\/p>\n\n\n\n<p><strong>Plze\u0148-jih<\/strong><\/p>\n\n\n\n<p><a href=\"http:\/\/filatelistechotesov.cz\/\" target=\"_blank\" rel=\"noreferrer noopener\">KF 03-49 Chot\u011b\u0161ov<\/a><\/p>\n\n\n\n<p><strong>Plze\u0148-m\u011bsto<\/strong><\/p>\n\n\n\n<p>KF 03-16 Plze\u0148<\/p>\n\n\n\n<p><strong>Rokycany<\/strong><\/p>\n\n\n\n<p>KF 03-43 B\u0159asy<\/p>\n\n\n\n<p>KF 03-05 Rokycany<\/p>\n\n\n\n<p><strong>Tachov<\/strong><\/p>\n\n\n\n<p>KF 03-48 Tachov<\/p>\n\n\n\n<p><\/p>\n\n\n\n<h2 class=\"wp-block-heading has-text-align-center\"><strong>St\u0159edo\u010desk\u00fd kraj<\/strong><\/h2>\n\n\n\n<p><strong>Bene\u0161ov<\/strong><\/p>\n\n\n\n<p>KF 01-15 Bene\u0161ov u Prahy<\/p>\n\n\n\n<p>KF 01-39 Neveklov<\/p>\n\n\n\n<p>KF 01-56 Vla\u0161im<\/p>\n\n\n\n<p><strong>Beroun<\/strong><\/p>\n\n\n\n<p>KF 01-67 Ho\u0159ovice<\/p>\n\n\n\n<p><strong>Kladno<\/strong><\/p>\n\n\n\n<p>KF 01-05 Kladno<\/p>\n\n\n\n<p><strong>Kol\u00edn<\/strong><\/p>\n\n\n\n<p>KF 01-04 Kol\u00edn<\/p>\n\n\n\n<p><strong>Kutn\u00e1 Hora<\/strong><\/p>\n\n\n\n<p>KF 01-59 K\u00e1cov<\/p>\n\n\n\n<p>KF 01-28 Kutn\u00e1 Hora<\/p>\n\n\n\n<p>KF 01-58 Zru\u010d nad S\u00e1zavou<\/p>\n\n\n\n<p><strong>M\u011bln\u00edk<\/strong><\/p>\n\n\n\n<p>KF 01-26 Kralupy nad Vltavou<\/p>\n\n\n\n<p>KF 01-33 M\u011bln\u00edk<\/p>\n\n\n\n<p><strong>Mlad\u00e1 Boleslav<\/strong><\/p>\n\n\n\n<p>KF 01-19 Dobrovice<\/p>\n\n\n\n<p>KF 01-01 Mlad\u00e1 Boleslav<\/p>\n\n\n\n<p>KF 01-36 Mnichovo Hradi\u0161t\u011b<\/p>\n\n\n\n<p><strong>Nymburk<\/strong><\/p>\n\n\n\n<p>KF 01-02 Pod\u011bbrady, pobo\u010dn\u00fd spolek<\/p>\n\n\n\n<p><strong>Praha-v\u00fdchod<\/strong><\/p>\n\n\n\n<p>KF 01-71 Brand\u00fds nad Labem;&nbsp;Email: <a href=\"mailto:kf.brandys@centrum.cz\">kf.brandys@centrum.cz<\/a><\/p>\n\n\n\n<p>KF 01-41 \u0158\u00ed\u010dany<\/p>\n\n\n\n<p><strong>P\u0159\u00edbram<\/strong><\/p>\n\n\n\n<p>KF 01-68 P\u0159\u00edbram<\/p>\n\n\n\n<p>KF 01-79 Ro\u017emit\u00e1l<\/p>\n\n\n\n<p>KF 01-42 Sedl\u010dany<\/p>\n\n\n\n<p>KF 01-46 Star\u00e1 Hu\u0165<\/p>\n\n\n\n<p><strong>Rakovn\u00edk<\/strong><\/p>\n\n\n\n<p>KF 01-07 Rakovn\u00edk<\/p>\n\n\n\n<p><\/p>\n\n\n\n<h2 class=\"wp-block-heading has-text-align-center\"><strong>\u00dastecky kraj<\/strong><\/h2>\n\n\n\n<p><strong>D\u011b\u010d\u00edn<\/strong><\/p>\n\n\n\n<p>KF 04-60 Mikul\u00e1\u0161ovice<\/p>\n\n\n\n<p>KF 04-43 Rumburk<\/p>\n\n\n\n<p>KF 04-10 Varnsdorf<\/p>\n\n\n\n<p><strong>Chomutov<\/strong><\/p>\n\n\n\n<p>KF 04-02 Chomutov; Email:&nbsp;<a href=\"mailto:kf0402cv@seznam.cz\">kf0402cv@seznam.cz<\/a><\/p>\n\n\n\n<p>KF 04-33 Kada\u0148<\/p>\n\n\n\n<p><strong>Litom\u011b\u0159ice<\/strong><\/p>\n\n\n\n<p>KF 04-14 <a>Litom\u011b\u0159ice<\/a><\/p>\n\n\n\n<p><strong>Most<\/strong><\/p>\n\n\n\n<p>KF 04-12 Most<\/p>\n\n\n\n<p><strong>Teplice<\/strong><\/p>\n\n\n\n<p>KF 04-23 B\u00edlina<\/p>\n\n\n\n<p>KF 04-68 Krupka-Bohosudov<\/p>\n\n\n\n<p>KF 04-03 Teplice<\/p>\n\n\n\n<p><\/p>\n\n\n\n<h2 class=\"wp-block-heading has-text-align-center\"><strong>Zl\u00ednsk\u00fd kraj<\/strong><\/h2>\n\n\n\n<p><strong>Krom\u011b\u0159\u00ed\u017e<\/strong><\/p>\n\n\n\n<p>KF 06-78 Byst\u0159ice pod Host\u00fdnem<\/p>\n\n\n\n<p>KF 06-05 Krom\u011b\u0159\u00ed\u017e<\/p>\n\n\n\n<p><strong>Uhersk\u00e9 Hradi\u0161t\u011b<\/strong><\/p>\n\n\n\n<p>KF 06-77 Bojkovice<\/p>\n\n\n\n<p>KF 06-14 Uhersk\u00fd Brod<\/p>\n\n\n\n<p>KF 06-15 Uhersk\u00e9 Hradi\u0161t\u011b<\/p>\n\n\n\n<p>KF 06-42 Uhersk\u00fd Ostroh<\/p>\n\n\n\n<p><strong>Zl\u00edn<\/strong><\/p>\n\n\n\n<p>KF 06-99 Slavi\u010d\u00edn<\/p>\n\n\n\n<p>KF 06-06 Vala\u0161sk\u00e9 Klobouky<\/p>\n\n\n\n<p><a href=\"http:\/\/filateliezlin.cz\/\">KF 06-02 Zl\u00edn<\/a><\/p>\n\n\n\n<p><\/p>\n\n\n\n<p class=\"has-text-align-right\"><em>Posledn\u00ed aktualizace k 9. 3. 2026<\/em><\/p>\n","protected":false},"excerpt":{"rendered":"<p>N\u00ed\u017ee naleznete seznam jednotliv\u00fdch klub\u016f filatelist\u016f \u010dlen\u011bn\u00fd podle kraj\u016f. Praha KF 00-01 Praha KF 00-06 Praha KF 00-10 Praha, pobo\u010dn\u00fd spolek KF 00-15 Praha, pobo\u010dn\u00fd spolek;&nbsp;kf0015@centrum.cz KF 00-42 Praha KF 00-46 Praha KF 00-65 Praha KF 00-123 Praha KF 00-147 Praha Jiho\u010desk\u00fd kraj \u010cesk\u00e9 Bud\u011bjovice KF 02-29 Ledenice KF 02-38 Li\u0161ov KF 02-27 Trhov\u00e9 Sviny \u010cesk\u00fd Krumlov KF 02-07 Vele\u0161\u00edn;&nbsp;e-mail: kf02-07velesin@post.cz Jind\u0159ich\u016fv Hradec KF 02-48 Da\u010dice KF 02-04 Jind\u0159ich\u016fv Hradec P\u00edsek KF 02-23 P\u00edsek KF 02-49 Putim Prachatice KF 02-14 Vimperk;&nbsp;e-mail: kf02-14vimperk@post.cz Strakonice KF 02-21 Blatn\u00e1 KF 02-02 Strakonice KF 02-33 Vod\u0148any T\u00e1bor KF 02-25 Bechyn\u011b KF 02-03 T\u00e1bor Jihomoravsk\u00fd kraj Blansko KF 06-49 Boskovice KF 06-80 Velk\u00e9 Opatovice Brno-m\u011bsto KF 06-01 Brno KF 06-22 Brno, pobo\u010dn\u00fd spolek Brno-venkov KF 06-39 Ivan\u010dice KF 06-23 Ti\u0161nov B\u0159eclav KF 06-45 B\u0159eclav Hodon\u00edn KF 06-44 Hodon\u00edn KF 06-20 Kyjov KF 06-86 Velk\u00e1 nad Veli\u010dkou Vy\u0161kov KF 06-30 Rous\u00ednov Znojmo KF 06-59 Moravsk\u00fd Krumlov KF 06-24 Znojmo Karlovarsk\u00fd kraj Karlovy Vary KF 03-45 Chodov; e-mail: kf-03-45chodov@post.cz Sokolov KF 03-39 Horn\u00ed Slavkov KF 03-20 Kraslice KF 03-08 Sokolov Kraj Vyso\u010dina Havl\u00ed\u010dk\u016fv Brod KF 05-36 Chot\u011bbo\u0159 KF 05-44 Krucemburk Jihlava KF 06-40 \u201eVyso\u010dina\u201c Jihlava KF 06-29 Tel\u010d Pelh\u0159imov KF 02-15 Pelh\u0159imov T\u0159eb\u00ed\u010d KF 06-36 Moravsk\u00e9 Bud\u011bjovice KF 06-03 T\u0159eb\u00ed\u010d \u017d\u010f\u00e1r nad S\u00e1zavou KF 06-53 Svratka KF 06-09 Velk\u00e9 Mezi\u0159\u00ed\u010d\u00ed Kr\u00e1lov\u00e9hradeck\u00fd kraj Hradec Kr\u00e1lov\u00e9 KF 05-22A Hradec Kr\u00e1lov\u00e9 KF 05-23 Chlumec nad Cidlinou KF 05-83 Nechanice KF 05-85 Nov\u00fd Byd\u017eov KF 05-21 T\u0159ebechovice pod Orebem Ji\u010d\u00edn KF 05-33 Ho\u0159ice KF 05-54 L\u00e1zn\u011b B\u011blohrad KF 05-86 Nov\u00e1 Paka N\u00e1chod KF 05-99 \u010cesk\u00e1 Skalice KF 05-39 Jarom\u011b\u0159 KF 05-53 Mezim\u011bst\u00ed KF 05-10 N\u00e1chod Rychnov nad Kn\u011b\u017enou KF 05-31 Dobru\u0161ka KF 05-42 Kostelec nad Orlic\u00ed KF 05-18 Rokytnice v Orlick\u00fdch hor\u00e1ch KF 05-12 Rychnov nad Kn\u011b\u017enou KF 05-71 Vamberk Trutnov KF 05-02 Dv\u016fr Kr\u00e1lov\u00e9 KF 05-76 Trutnov, pobo\u010dn\u00fd spolek KF 05-74 \u00dapice KF 05-72 Vrchlab\u00ed Libereck\u00fd kraj \u010cesk\u00e1 L\u00edpa KF 04-07 \u010cesk\u00e1 L\u00edpa KF 04-27 Doksy KF 04-39 Mimo\u0148 Jablonec nad Nisou KF 04-16 Jablonec nad Nisou Liberec KF 04-88 Hr\u00e1dek nad Nisou KF 04-01 Liberec KF 04-77 Nov\u00e9 M\u011bsto pod Smrkem Semily KF 05-41 Jilemnice KF 05-92 Rovensko pod Troskami KF 05-13 Turnov Moravskoslezsk\u00fd kraj Brunt\u00e1l KF 07-76 B\u0159idli\u010dn\u00e1 KF 07-03 Krnov Fr\u00fddek-M\u00edstek KF 07-09 Fr\u00fddek-M\u00edstek KF 07-07 T\u0159inec Karvin\u00e1 KF 07-05 Hav\u00ed\u0159ov KF 07-26 Orlov\u00e1 Nov\u00fd Ji\u010d\u00edn KF 07-15 Fren\u0161t\u00e1t KF 07-51 Kop\u0159ivnice KF 07-32 Stud\u00e9nka Opava KF 07-16 Opava Ostrava-m\u011bsto KF 07-23 Ostrava KF 07-35 Ostrava; e-mail:&nbsp;KF07-35.ostravajih@post.cz Olomouck\u00fd kraj Jesen\u00edk KF 07-60 Javorn\u00edk KF 07-06 Jesen\u00edk Olomouc KF 07-55 Lut\u00edn KF 07-02 Olomouc Prost\u011bjov KF 06-18 Prost\u011bjov P\u0159erov KF 07-19 Hranice KF 07-90 Milotice nad Be\u010dvou KF 07-18 P\u0159erov \u0160umperk KF 07-43 Lo\u0161tice KF 07-41 Mohelnice KF 07-04 \u0160umperk KF 07-08 Z\u00e1b\u0159eh Pardubick\u00fd kraj Chrudim KF 05-24 He\u0159man\u016fv M\u011bstec KF 05-50 Hlinsko KF 05-89 Skute\u010d Pardubice KF 05-55 Chvaletice KF 05-82 P\u0159elou\u010d Svitavy KF 05-26 Poli\u010dka KF 05-78 Svitavy \u00dast\u00ed nad Orlic\u00ed KF 05-07 \u010cesk\u00e1 T\u0159ebov\u00e1 KF 05-115 Doln\u00ed \u010cermn\u00e1 KF 05-27 Lan\u0161kroun KF 05-45 Letohrad KF 05-75 \u00dast\u00ed nad Orlic\u00ed KF 05-11 Vysok\u00e9 M\u00fdto KF 05-70 \u017damberk Plze\u0148sk\u00fd kraj Doma\u017elice KF 03-01 Doma\u017elice Klatovy KF 03-06 Klatovy KF 03-35 N\u00fdrsko Plze\u0148-jih KF 03-49 Chot\u011b\u0161ov Plze\u0148-m\u011bsto KF 03-16 Plze\u0148 Rokycany KF 03-43 B\u0159asy KF 03-05 Rokycany Tachov KF 03-48 Tachov St\u0159edo\u010desk\u00fd kraj Bene\u0161ov KF 01-15 Bene\u0161ov u Prahy KF 01-39 Neveklov KF 01-56 Vla\u0161im Beroun KF 01-67 Ho\u0159ovice Kladno KF 01-05 Kladno Kol\u00edn KF 01-04 Kol\u00edn Kutn\u00e1 Hora KF 01-59 K\u00e1cov KF 01-28 Kutn\u00e1 Hora KF 01-58 Zru\u010d nad S\u00e1zavou M\u011bln\u00edk KF 01-26 Kralupy nad Vltavou KF 01-33 M\u011bln\u00edk Mlad\u00e1 Boleslav KF 01-19 Dobrovice KF 01-01 Mlad\u00e1 Boleslav KF 01-36 Mnichovo Hradi\u0161t\u011b Nymburk KF 01-02 Pod\u011bbrady, pobo\u010dn\u00fd spolek Praha-v\u00fdchod KF 01-71 Brand\u00fds nad Labem;&nbsp;Email: kf.brandys@centrum.cz KF 01-41 \u0158\u00ed\u010dany P\u0159\u00edbram KF 01-68 P\u0159\u00edbram KF 01-79 Ro\u017emit\u00e1l KF 01-42 Sedl\u010dany KF 01-46 Star\u00e1 Hu\u0165 Rakovn\u00edk KF 01-07 Rakovn\u00edk \u00dastecky kraj D\u011b\u010d\u00edn KF 04-60 Mikul\u00e1\u0161ovice KF 04-43 Rumburk KF 04-10 Varnsdorf Chomutov KF 04-02 Chomutov; Email:&nbsp;kf0402cv@seznam.cz KF 04-33 Kada\u0148 Litom\u011b\u0159ice KF 04-14 Litom\u011b\u0159ice Most KF 04-12 Most Teplice KF 04-23 B\u00edlina KF 04-68 Krupka-Bohosudov KF 04-03 Teplice Zl\u00ednsk\u00fd kraj Krom\u011b\u0159\u00ed\u017e KF 06-78 Byst\u0159ice pod Host\u00fdnem KF 06-05 Krom\u011b\u0159\u00ed\u017e Uhersk\u00e9 Hradi\u0161t\u011b KF 06-77 Bojkovice KF 06-14 Uhersk\u00fd Brod KF 06-15 Uhersk\u00e9 Hradi\u0161t\u011b KF 06-42 Uhersk\u00fd Ostroh Zl\u00edn KF 06-99 Slavi\u010d\u00edn KF 06-06 Vala\u0161sk\u00e9 Klobouky KF 06-02 Zl\u00edn Posledn\u00ed aktualizace k 9. 3. 2026<\/p>\n","protected":false},"author":3,"featured_media":0,"parent":0,"menu_order":0,"comment_status":"closed","ping_status":"closed","template":"","meta":{"footnotes":""},"class_list":["post-77","page","type-page","status-publish","hentry"],"_links":{"self":[{"href":"https:\/\/svazfilatelistu.cz\/index.php?rest_route=\/wp\/v2\/pages\/77","targetHints":{"allow":["GET"]}}],"collection":[{"href":"https:\/\/svazfilatelistu.cz\/index.php?rest_route=\/wp\/v2\/pages"}],"about":[{"href":"https:\/\/svazfilatelistu.cz\/index.php?rest_route=\/wp\/v2\/types\/page"}],"author":[{"embeddable":true,"href":"https:\/\/svazfilatelistu.cz\/index.php?rest_route=\/wp\/v2\/users\/3"}],"replies":[{"embeddable":true,"href":"https:\/\/svazfilatelistu.cz\/index.php?rest_route=%2Fwp%2Fv2%2Fcomments&post=77"}],"version-history":[{"count":19,"href":"https:\/\/svazfilatelistu.cz\/index.php?rest_route=\/wp\/v2\/pages\/77\/revisions"}],"predecessor-version":[{"id":1337,"href":"https:\/\/svazfilatelistu.cz\/index.php?rest_route=\/wp\/v2\/pages\/77\/revisions\/1337"}],"wp:attachment":[{"href":"https:\/\/svazfilatelistu.cz\/index.php?rest_route=%2Fwp%2Fv2%2Fmedia&parent=77"}],"curies":[{"name":"wp","href":"https:\/\/api.w.org\/{rel}","templated":true}]}}