{"id":838,"date":"2025-03-09T21:52:25","date_gmt":"2025-03-09T20:52:25","guid":{"rendered":"https:\/\/svazfilatelistu.cz\/?page_id=838"},"modified":"2025-10-15T23:11:08","modified_gmt":"2025-10-15T21:11:08","slug":"valna-hromada","status":"publish","type":"page","link":"https:\/\/svazfilatelistu.cz\/?page_id=838","title":{"rendered":"Valn\u00e1 hromada"},"content":{"rendered":"\n<p>Valn\u00e1 hromada je podle stanov nejvy\u0161\u0161\u00edm org\u00e1nem S\u010cF, kon\u00e1 se jednou za 5 let a \u00fa\u010dastn\u00ed se j\u00ed deleg\u00e1ti v\u0161ech z\u00e1kladn\u00edch organiza\u010dn\u00edch jednotek S\u010cF.<\/p>\n\n\n\n<p><strong>7. valn\u00e1 hromada<\/strong> S\u010cF prob\u011bhla v&nbsp;sobotu 27. 9. 2025 v hotelu Olympik (s\u00e1lech Athena a Afrodita), Sokolovsk\u00e1 615\/138, Praha 8 od 10 hodin.<\/p>\n\n\n\n<p>Jedn\u00e1n\u00ed prob\u011bhlo v souladu s navr\u017een\u00fdm programem a ze z\u00e1sadn\u00edch bod\u016f jedn\u00e1n\u00ed lze uv\u00e9st schv\u00e1len\u00ed zpr\u00e1vy o \u010dinnosti za uplynul\u00e9 obdob\u00ed, nov\u00fdch <a href=\"https:\/\/svazfilatelistu.cz\/?page_id=31\">stanov<\/a> a dlouhodob\u00e9 koncepce pro dal\u0161\u00ed obdob\u00ed:<\/p>\n\n\n\n<div class=\"wp-block-file\"><a id=\"wp-block-file--media-e4f09d1c-5f5f-4c0d-8cc8-0d0ead7f28fd\" href=\"https:\/\/svazfilatelistu.cz\/wp-content\/uploads\/2025\/09\/Program_VH_2025_II.pdf\" target=\"_blank\" rel=\"noreferrer noopener\">Program valn\u00e9 hromady<\/a><\/div>\n\n\n\n<div class=\"wp-block-file\"><a id=\"wp-block-file--media-a2ad6c08-40ec-4c15-b9f4-d97764836dd1\" href=\"https:\/\/svazfilatelistu.cz\/wp-content\/uploads\/2025\/09\/Zprava_o_cinnosti_SCF_pro_7.VH_.pdf\" target=\"_blank\" rel=\"noreferrer noopener\">Zpr\u00e1va o \u010dinnosti S\u010cF<\/a><\/div>\n\n\n\n<div class=\"wp-block-file\"><a id=\"wp-block-file--media-cb39e31a-76b3-4134-9ffb-ad6bd8a807db\" href=\"https:\/\/svazfilatelistu.cz\/wp-content\/uploads\/2025\/09\/Navrh-koncepce_SCF_2030.pdf\" target=\"_blank\" rel=\"noreferrer noopener\">Dlouhodob\u00e1 koncepce<\/a><\/div>\n\n\n\n<p>Sou\u010d\u00e1st\u00ed valn\u00e9 hromady byly i volby do <a href=\"https:\/\/svazfilatelistu.cz\/?page_id=140\">org\u00e1n\u016f S\u010cF<\/a>. A\u010dkoliv volby ji\u017e prob\u011bhly, st\u00e1le se m\u016f\u017eete bl\u00ed\u017ee sezn\u00e1mit s <a href=\"https:\/\/svazfilatelistu.cz\/?page_id=968\"><strong>jednotliv\u00fdmi kandid\u00e1ty<\/strong> a z\u00e1m\u011brem jejich \u010dinnosti.<\/a><\/p>\n\n\n\n<p>Pr\u016fb\u011bh jedn\u00e1n\u00ed zachycuje z\u00e1pis z jedn\u00e1n\u00ed a jeho z\u00e1v\u011bry pak p\u0159ijat\u00e9 usnesen\u00ed:<\/p>\n\n\n\n<div class=\"wp-block-file\"><a id=\"wp-block-file--media-596ae5c2-b9a4-456c-a46c-f5205db6859f\" href=\"https:\/\/svazfilatelistu.cz\/wp-content\/uploads\/2025\/10\/Zapis_z_VH_2025.pdf\" target=\"_blank\" rel=\"noreferrer noopener\">Z\u00e1pis z jedn\u00e1n\u00ed valn\u00e9 hromady (v\u010detn\u011b usnesen\u00ed)<\/a><\/div>\n\n\n\n<div class=\"wp-block-file\"><a id=\"wp-block-file--media-fe7ed31b-29b9-457c-a77c-12ed5982616e\" href=\"https:\/\/svazfilatelistu.cz\/wp-content\/uploads\/2025\/10\/Usneseni-VH-2025.pdf\" target=\"_blank\" rel=\"noreferrer noopener\">Usnesen\u00ed valn\u00e9 hromady<\/a><\/div>\n\n\n\n<p><\/p>\n","protected":false},"excerpt":{"rendered":"<p>Valn\u00e1 hromada je podle stanov nejvy\u0161\u0161\u00edm org\u00e1nem S\u010cF, kon\u00e1 se jednou za 5 let a \u00fa\u010dastn\u00ed se j\u00ed deleg\u00e1ti v\u0161ech z\u00e1kladn\u00edch organiza\u010dn\u00edch jednotek S\u010cF. 7. valn\u00e1 hromada S\u010cF prob\u011bhla v&nbsp;sobotu 27. 9. 2025 v hotelu Olympik (s\u00e1lech Athena a Afrodita), Sokolovsk\u00e1 615\/138, Praha 8 od 10 hodin. Jedn\u00e1n\u00ed prob\u011bhlo v souladu s navr\u017een\u00fdm programem a ze z\u00e1sadn\u00edch bod\u016f jedn\u00e1n\u00ed lze uv\u00e9st schv\u00e1len\u00ed zpr\u00e1vy o \u010dinnosti za uplynul\u00e9 obdob\u00ed, nov\u00fdch stanov a dlouhodob\u00e9 koncepce pro dal\u0161\u00ed obdob\u00ed: Sou\u010d\u00e1st\u00ed valn\u00e9 hromady byly i volby do org\u00e1n\u016f S\u010cF. A\u010dkoliv volby ji\u017e prob\u011bhly, st\u00e1le se m\u016f\u017eete bl\u00ed\u017ee sezn\u00e1mit s jednotliv\u00fdmi kandid\u00e1ty a z\u00e1m\u011brem jejich \u010dinnosti. Pr\u016fb\u011bh jedn\u00e1n\u00ed zachycuje z\u00e1pis z jedn\u00e1n\u00ed a jeho z\u00e1v\u011bry pak p\u0159ijat\u00e9 usnesen\u00ed:<\/p>\n","protected":false},"author":1,"featured_media":0,"parent":0,"menu_order":0,"comment_status":"closed","ping_status":"closed","template":"","meta":{"footnotes":""},"class_list":["post-838","page","type-page","status-publish","hentry"],"_links":{"self":[{"href":"https:\/\/svazfilatelistu.cz\/index.php?rest_route=\/wp\/v2\/pages\/838","targetHints":{"allow":["GET"]}}],"collection":[{"href":"https:\/\/svazfilatelistu.cz\/index.php?rest_route=\/wp\/v2\/pages"}],"about":[{"href":"https:\/\/svazfilatelistu.cz\/index.php?rest_route=\/wp\/v2\/types\/page"}],"author":[{"embeddable":true,"href":"https:\/\/svazfilatelistu.cz\/index.php?rest_route=\/wp\/v2\/users\/1"}],"replies":[{"embeddable":true,"href":"https:\/\/svazfilatelistu.cz\/index.php?rest_route=%2Fwp%2Fv2%2Fcomments&post=838"}],"version-history":[{"count":22,"href":"https:\/\/svazfilatelistu.cz\/index.php?rest_route=\/wp\/v2\/pages\/838\/revisions"}],"predecessor-version":[{"id":1090,"href":"https:\/\/svazfilatelistu.cz\/index.php?rest_route=\/wp\/v2\/pages\/838\/revisions\/1090"}],"wp:attachment":[{"href":"https:\/\/svazfilatelistu.cz\/index.php?rest_route=%2Fwp%2Fv2%2Fmedia&parent=838"}],"curies":[{"name":"wp","href":"https:\/\/api.w.org\/{rel}","templated":true}]}}